{"id":30,"date":"2020-03-02T08:32:09","date_gmt":"2020-03-02T08:32:09","guid":{"rendered":"https:\/\/bijoux.vamtam.com\/?page_id=30"},"modified":"2020-03-02T08:32:09","modified_gmt":"2020-03-02T08:32:09","slug":"journal","status":"publish","type":"page","link":"https:\/\/joyerialeon.es\/en\/journal\/","title":{"rendered":"Journal"},"content":{"rendered":"<div data-elementor-type=\"wp-page\" data-elementor-id=\"30\" class=\"elementor elementor-30\" data-elementor-post-type=\"page\">\n\t\t\t\t\t\t<section class=\"elementor-section elementor-top-section elementor-element elementor-element-e500fed elementor-section-full_width elementor-section-height-min-height elementor-section-items-stretch elementor-section-content-middle elementor-section-height-default\" data-id=\"e500fed\" data-element_type=\"section\" data-e-type=\"section\">\n\t\t\t\t\t\t<div class=\"elementor-container elementor-column-gap-default\">\n\t\t\t\t\t<div class=\"elementor-column elementor-col-100 elementor-top-column elementor-element elementor-element-0e74238\" data-id=\"0e74238\" data-element_type=\"column\" data-e-type=\"column\">\n\t\t\t<div class=\"elementor-widget-wrap elementor-element-populated\">\n\t\t\t\t\t\t\t<\/div>\n\t\t<\/div>\n\t\t\t\t\t<\/div>\n\t\t<\/section>\n\t\t\t\t<section class=\"elementor-section elementor-top-section elementor-element elementor-element-577439e elementor-section-boxed elementor-section-height-default elementor-section-height-default\" data-id=\"577439e\" data-element_type=\"section\" data-e-type=\"section\">\n\t\t\t\t\t\t<div class=\"elementor-container elementor-column-gap-default\">\n\t\t\t\t\t<div class=\"elementor-column elementor-col-100 elementor-top-column elementor-element elementor-element-086171b\" data-id=\"086171b\" data-element_type=\"column\" data-e-type=\"column\">\n\t\t\t<div class=\"elementor-widget-wrap elementor-element-populated\">\n\t\t\t\t\t\t<div class=\"elementor-element elementor-element-118df69 elementor-grid-3 elementor-grid-tablet-2 elementor-grid-mobile-1 elementor-posts--thumbnail-top elementor-widget elementor-widget-posts\" data-id=\"118df69\" data-element_type=\"widget\" data-e-type=\"widget\" data-settings=\"{&quot;classic_row_gap&quot;:{&quot;unit&quot;:&quot;px&quot;,&quot;size&quot;:80,&quot;sizes&quot;:[]},&quot;classic_columns&quot;:&quot;3&quot;,&quot;classic_columns_tablet&quot;:&quot;2&quot;,&quot;classic_columns_mobile&quot;:&quot;1&quot;,&quot;classic_row_gap_tablet&quot;:{&quot;unit&quot;:&quot;px&quot;,&quot;size&quot;:&quot;&quot;,&quot;sizes&quot;:[]},&quot;classic_row_gap_mobile&quot;:{&quot;unit&quot;:&quot;px&quot;,&quot;size&quot;:&quot;&quot;,&quot;sizes&quot;:[]}}\" data-widget_type=\"posts.classic\">\n\t\t\t\t<div class=\"elementor-widget-container\">\n\t\t\t\t\t\t\t<div class=\"elementor-posts-container elementor-posts elementor-posts--skin-classic elementor-grid\" role=\"list\">\n\t\t\t\t<article class=\"elementor-post elementor-grid-item post-1491 post type-post status-publish format-standard has-post-thumbnail hentry category-uncategorized tag-creative tag-inspiration tag-tips\" role=\"listitem\">\n\t\t\t\t<a class=\"elementor-post__thumbnail__link\" href=\"https:\/\/joyerialeon.es\/en\/the-creative-journey-5-steps-to-reawaken-inspiration\/\" tabindex=\"-1\" >\n\t\t\t<div class=\"elementor-post__thumbnail\"><img fetchpriority=\"high\" decoding=\"async\" width=\"1024\" height=\"652\" src=\"https:\/\/joyerialeon.es\/wp-content\/uploads\/2013\/04\/large-1024x652.jpg\" class=\"attachment-large size-large wp-image-987654\" alt=\"\" srcset=\"https:\/\/joyerialeon.es\/wp-content\/uploads\/2013\/04\/large-1024x652.jpg 1024w, https:\/\/joyerialeon.es\/wp-content\/uploads\/2013\/04\/large-300x191.jpg 300w, https:\/\/joyerialeon.es\/wp-content\/uploads\/2013\/04\/large-768x489.jpg 768w, https:\/\/joyerialeon.es\/wp-content\/uploads\/2013\/04\/large-630x401.jpg 630w, https:\/\/joyerialeon.es\/wp-content\/uploads\/2013\/04\/large-420x267.jpg 420w, https:\/\/joyerialeon.es\/wp-content\/uploads\/2013\/04\/large-840x535.jpg 840w, https:\/\/joyerialeon.es\/wp-content\/uploads\/2013\/04\/large-315x200.jpg 315w, https:\/\/joyerialeon.es\/wp-content\/uploads\/2013\/04\/large.jpg 1100w\" sizes=\"(max-width: 1024px) 100vw, 1024px\" \/><\/div>\n\t\t<\/a>\n\t\t\t\t<div class=\"elementor-post__text\">\n\t\t\t\t<h3 class=\"elementor-post__title\">\n\t\t\t<a href=\"https:\/\/joyerialeon.es\/en\/the-creative-journey-5-steps-to-reawaken-inspiration\/\" >\n\t\t\t\tThe Creative Journey: 5 Steps to Reawaken Inspiration\t\t\t<\/a>\n\t\t<\/h3>\n\t\t\t\t<div class=\"elementor-post__excerpt\">\n\t\t\t<p>The journey to creative inspiration can be an infinitely fulfilling one. When we are in alignment and our creativity is flowing, it seems as if<\/p>\n\t\t<\/div>\n\t\t\t\t<\/div>\n\t\t\t\t<\/article>\n\t\t\t\t<article class=\"elementor-post elementor-grid-item post-1487 post type-post status-publish format-standard has-post-thumbnail hentry category-uncategorized\" role=\"listitem\">\n\t\t\t\t<a class=\"elementor-post__thumbnail__link\" href=\"https:\/\/joyerialeon.es\/en\/introducing-the-beautiful-you-in-honor-of-autism-awareness\/\" tabindex=\"-1\" >\n\t\t\t<div class=\"elementor-post__thumbnail\"><img fetchpriority=\"high\" decoding=\"async\" width=\"1024\" height=\"652\" src=\"https:\/\/joyerialeon.es\/wp-content\/uploads\/2013\/04\/large-1024x652.jpg\" class=\"attachment-large size-large wp-image-987654\" alt=\"\" srcset=\"https:\/\/joyerialeon.es\/wp-content\/uploads\/2013\/04\/large-1024x652.jpg 1024w, https:\/\/joyerialeon.es\/wp-content\/uploads\/2013\/04\/large-300x191.jpg 300w, https:\/\/joyerialeon.es\/wp-content\/uploads\/2013\/04\/large-768x489.jpg 768w, https:\/\/joyerialeon.es\/wp-content\/uploads\/2013\/04\/large-630x401.jpg 630w, https:\/\/joyerialeon.es\/wp-content\/uploads\/2013\/04\/large-420x267.jpg 420w, https:\/\/joyerialeon.es\/wp-content\/uploads\/2013\/04\/large-840x535.jpg 840w, https:\/\/joyerialeon.es\/wp-content\/uploads\/2013\/04\/large-315x200.jpg 315w, https:\/\/joyerialeon.es\/wp-content\/uploads\/2013\/04\/large.jpg 1100w\" sizes=\"(max-width: 1024px) 100vw, 1024px\" \/><\/div>\n\t\t<\/a>\n\t\t\t\t<div class=\"elementor-post__text\">\n\t\t\t\t<h3 class=\"elementor-post__title\">\n\t\t\t<a href=\"https:\/\/joyerialeon.es\/en\/introducing-the-beautiful-you-in-honor-of-autism-awareness\/\" >\n\t\t\t\tIntroducing \u2018The Beautiful You\u2019: In Honor of Autism Awareness\t\t\t<\/a>\n\t\t<\/h3>\n\t\t\t\t<div class=\"elementor-post__excerpt\">\n\t\t\t<p>The journey to creative inspiration can be an infinitely fulfilling one. When we are in alignment and our creativity is flowing, it seems as if<\/p>\n\t\t<\/div>\n\t\t\t\t<\/div>\n\t\t\t\t<\/article>\n\t\t\t\t<article class=\"elementor-post elementor-grid-item post-1483 post type-post status-publish format-standard has-post-thumbnail hentry category-uncategorized\" role=\"listitem\">\n\t\t\t\t<a class=\"elementor-post__thumbnail__link\" href=\"https:\/\/joyerialeon.es\/en\/the-inspiration-behind-the-universal-strength-collection\/\" tabindex=\"-1\" >\n\t\t\t<div class=\"elementor-post__thumbnail\"><img fetchpriority=\"high\" decoding=\"async\" width=\"1024\" height=\"652\" src=\"https:\/\/joyerialeon.es\/wp-content\/uploads\/2013\/04\/large-1024x652.jpg\" class=\"attachment-large size-large wp-image-987654\" alt=\"\" srcset=\"https:\/\/joyerialeon.es\/wp-content\/uploads\/2013\/04\/large-1024x652.jpg 1024w, https:\/\/joyerialeon.es\/wp-content\/uploads\/2013\/04\/large-300x191.jpg 300w, https:\/\/joyerialeon.es\/wp-content\/uploads\/2013\/04\/large-768x489.jpg 768w, https:\/\/joyerialeon.es\/wp-content\/uploads\/2013\/04\/large-630x401.jpg 630w, https:\/\/joyerialeon.es\/wp-content\/uploads\/2013\/04\/large-420x267.jpg 420w, https:\/\/joyerialeon.es\/wp-content\/uploads\/2013\/04\/large-840x535.jpg 840w, https:\/\/joyerialeon.es\/wp-content\/uploads\/2013\/04\/large-315x200.jpg 315w, https:\/\/joyerialeon.es\/wp-content\/uploads\/2013\/04\/large.jpg 1100w\" sizes=\"(max-width: 1024px) 100vw, 1024px\" \/><\/div>\n\t\t<\/a>\n\t\t\t\t<div class=\"elementor-post__text\">\n\t\t\t\t<h3 class=\"elementor-post__title\">\n\t\t\t<a href=\"https:\/\/joyerialeon.es\/en\/the-inspiration-behind-the-universal-strength-collection\/\" >\n\t\t\t\tThe Inspiration Behind The Universal Strength Collection\t\t\t<\/a>\n\t\t<\/h3>\n\t\t\t\t<div class=\"elementor-post__excerpt\">\n\t\t\t<p>The journey to creative inspiration can be an infinitely fulfilling one. When we are in alignment and our creativity is flowing, it seems as if<\/p>\n\t\t<\/div>\n\t\t\t\t<\/div>\n\t\t\t\t<\/article>\n\t\t\t\t<article class=\"elementor-post elementor-grid-item post-1479 post type-post status-publish format-standard has-post-thumbnail hentry category-uncategorized\" role=\"listitem\">\n\t\t\t\t<a class=\"elementor-post__thumbnail__link\" href=\"https:\/\/joyerialeon.es\/en\/inspiration-behind-the-new-chakras-collection\/\" tabindex=\"-1\" >\n\t\t\t<div class=\"elementor-post__thumbnail\"><img fetchpriority=\"high\" decoding=\"async\" width=\"1024\" height=\"652\" src=\"https:\/\/joyerialeon.es\/wp-content\/uploads\/2013\/04\/large-1024x652.jpg\" class=\"attachment-large size-large wp-image-987654\" alt=\"\" srcset=\"https:\/\/joyerialeon.es\/wp-content\/uploads\/2013\/04\/large-1024x652.jpg 1024w, https:\/\/joyerialeon.es\/wp-content\/uploads\/2013\/04\/large-300x191.jpg 300w, https:\/\/joyerialeon.es\/wp-content\/uploads\/2013\/04\/large-768x489.jpg 768w, https:\/\/joyerialeon.es\/wp-content\/uploads\/2013\/04\/large-630x401.jpg 630w, https:\/\/joyerialeon.es\/wp-content\/uploads\/2013\/04\/large-420x267.jpg 420w, https:\/\/joyerialeon.es\/wp-content\/uploads\/2013\/04\/large-840x535.jpg 840w, https:\/\/joyerialeon.es\/wp-content\/uploads\/2013\/04\/large-315x200.jpg 315w, https:\/\/joyerialeon.es\/wp-content\/uploads\/2013\/04\/large.jpg 1100w\" sizes=\"(max-width: 1024px) 100vw, 1024px\" \/><\/div>\n\t\t<\/a>\n\t\t\t\t<div class=\"elementor-post__text\">\n\t\t\t\t<h3 class=\"elementor-post__title\">\n\t\t\t<a href=\"https:\/\/joyerialeon.es\/en\/inspiration-behind-the-new-chakras-collection\/\" >\n\t\t\t\tInspiration Behind the New Chakras Collection\t\t\t<\/a>\n\t\t<\/h3>\n\t\t\t\t<div class=\"elementor-post__excerpt\">\n\t\t\t<p>The journey to creative inspiration can be an infinitely fulfilling one. When we are in alignment and our creativity is flowing, it seems as if<\/p>\n\t\t<\/div>\n\t\t\t\t<\/div>\n\t\t\t\t<\/article>\n\t\t\t\t<article class=\"elementor-post elementor-grid-item post-1475 post type-post status-publish format-standard has-post-thumbnail hentry category-uncategorized\" role=\"listitem\">\n\t\t\t\t<a class=\"elementor-post__thumbnail__link\" href=\"https:\/\/joyerialeon.es\/en\/holiday-inspiration-the-night-sky\/\" tabindex=\"-1\" >\n\t\t\t<div class=\"elementor-post__thumbnail\"><img fetchpriority=\"high\" decoding=\"async\" width=\"1024\" height=\"652\" src=\"https:\/\/joyerialeon.es\/wp-content\/uploads\/2013\/04\/large-1024x652.jpg\" class=\"attachment-large size-large wp-image-987654\" alt=\"\" srcset=\"https:\/\/joyerialeon.es\/wp-content\/uploads\/2013\/04\/large-1024x652.jpg 1024w, https:\/\/joyerialeon.es\/wp-content\/uploads\/2013\/04\/large-300x191.jpg 300w, https:\/\/joyerialeon.es\/wp-content\/uploads\/2013\/04\/large-768x489.jpg 768w, https:\/\/joyerialeon.es\/wp-content\/uploads\/2013\/04\/large-630x401.jpg 630w, https:\/\/joyerialeon.es\/wp-content\/uploads\/2013\/04\/large-420x267.jpg 420w, https:\/\/joyerialeon.es\/wp-content\/uploads\/2013\/04\/large-840x535.jpg 840w, https:\/\/joyerialeon.es\/wp-content\/uploads\/2013\/04\/large-315x200.jpg 315w, https:\/\/joyerialeon.es\/wp-content\/uploads\/2013\/04\/large.jpg 1100w\" sizes=\"(max-width: 1024px) 100vw, 1024px\" \/><\/div>\n\t\t<\/a>\n\t\t\t\t<div class=\"elementor-post__text\">\n\t\t\t\t<h3 class=\"elementor-post__title\">\n\t\t\t<a href=\"https:\/\/joyerialeon.es\/en\/holiday-inspiration-the-night-sky\/\" >\n\t\t\t\tHoliday Inspiration: The Night Sky\t\t\t<\/a>\n\t\t<\/h3>\n\t\t\t\t<div class=\"elementor-post__excerpt\">\n\t\t\t<p>The journey to creative inspiration can be an infinitely fulfilling one. When we are in alignment and our creativity is flowing, it seems as if<\/p>\n\t\t<\/div>\n\t\t\t\t<\/div>\n\t\t\t\t<\/article>\n\t\t\t\t<article class=\"elementor-post elementor-grid-item post-1434 post type-post status-publish format-standard has-post-thumbnail hentry category-uncategorized\" role=\"listitem\">\n\t\t\t\t<a class=\"elementor-post__thumbnail__link\" href=\"https:\/\/joyerialeon.es\/en\/end-of-year-reflections\/\" tabindex=\"-1\" >\n\t\t\t<div class=\"elementor-post__thumbnail\"><img fetchpriority=\"high\" decoding=\"async\" width=\"1024\" height=\"652\" src=\"https:\/\/joyerialeon.es\/wp-content\/uploads\/2013\/04\/large-1024x652.jpg\" class=\"attachment-large size-large wp-image-987654\" alt=\"\" srcset=\"https:\/\/joyerialeon.es\/wp-content\/uploads\/2013\/04\/large-1024x652.jpg 1024w, https:\/\/joyerialeon.es\/wp-content\/uploads\/2013\/04\/large-300x191.jpg 300w, https:\/\/joyerialeon.es\/wp-content\/uploads\/2013\/04\/large-768x489.jpg 768w, https:\/\/joyerialeon.es\/wp-content\/uploads\/2013\/04\/large-630x401.jpg 630w, https:\/\/joyerialeon.es\/wp-content\/uploads\/2013\/04\/large-420x267.jpg 420w, https:\/\/joyerialeon.es\/wp-content\/uploads\/2013\/04\/large-840x535.jpg 840w, https:\/\/joyerialeon.es\/wp-content\/uploads\/2013\/04\/large-315x200.jpg 315w, https:\/\/joyerialeon.es\/wp-content\/uploads\/2013\/04\/large.jpg 1100w\" sizes=\"(max-width: 1024px) 100vw, 1024px\" \/><\/div>\n\t\t<\/a>\n\t\t\t\t<div class=\"elementor-post__text\">\n\t\t\t\t<h3 class=\"elementor-post__title\">\n\t\t\t<a href=\"https:\/\/joyerialeon.es\/en\/end-of-year-reflections\/\" >\n\t\t\t\tEnd of Year Reflections\t\t\t<\/a>\n\t\t<\/h3>\n\t\t\t\t<div class=\"elementor-post__excerpt\">\n\t\t\t<p>The journey to creative inspiration can be an infinitely fulfilling one. When we are in alignment and our creativity is flowing, it seems as if<\/p>\n\t\t<\/div>\n\t\t\t\t<\/div>\n\t\t\t\t<\/article>\n\t\t\t\t<\/div>\n\t\t\n\t\t\t\t\t\t<\/div>\n\t\t\t\t<\/div>\n\t\t\t\t\t<\/div>\n\t\t<\/div>\n\t\t\t\t\t<\/div>\n\t\t<\/section>\n\t\t\t\t<\/div>","protected":false},"excerpt":{"rendered":"","protected":false},"author":2,"featured_media":0,"parent":0,"menu_order":0,"comment_status":"closed","ping_status":"closed","template":"","meta":{"footnotes":""},"class_list":["post-30","page","type-page","status-publish","hentry"],"yoast_head":"<!-- This site is optimized with the Yoast SEO plugin v27.2 - https:\/\/yoast.com\/product\/yoast-seo-wordpress\/ -->\n<title>Journal - Joyer\u00eda Le\u00f3n - Paseo de Almer\u00eda, 20<\/title>\n<meta name=\"robots\" content=\"index, follow, max-snippet:-1, max-image-preview:large, max-video-preview:-1\" \/>\n<link rel=\"canonical\" href=\"https:\/\/joyerialeon.es\/en\/journal\/\" \/>\n<meta property=\"og:locale\" content=\"en_US\" \/>\n<meta property=\"og:type\" content=\"article\" \/>\n<meta property=\"og:title\" content=\"Journal - Joyer\u00eda Le\u00f3n - Paseo de Almer\u00eda, 20\" \/>\n<meta property=\"og:url\" content=\"https:\/\/joyerialeon.es\/en\/journal\/\" \/>\n<meta property=\"og:site_name\" content=\"Joyer\u00eda Le\u00f3n - Paseo de Almer\u00eda, 20\" \/>\n<meta name=\"twitter:card\" content=\"summary_large_image\" \/>\n<script type=\"application\/ld+json\" class=\"yoast-schema-graph\">{\"@context\":\"https:\/\/schema.org\",\"@graph\":[{\"@type\":\"WebPage\",\"@id\":\"https:\/\/joyerialeon.es\/journal\/\",\"url\":\"https:\/\/joyerialeon.es\/journal\/\",\"name\":\"Journal - Joyer\u00eda Le\u00f3n - Paseo de Almer\u00eda, 20\",\"isPartOf\":{\"@id\":\"https:\/\/joyerialeon.es\/#website\"},\"datePublished\":\"2020-03-02T08:32:09+00:00\",\"breadcrumb\":{\"@id\":\"https:\/\/joyerialeon.es\/journal\/#breadcrumb\"},\"inLanguage\":\"en-US\",\"potentialAction\":[{\"@type\":\"ReadAction\",\"target\":[\"https:\/\/joyerialeon.es\/journal\/\"]}]},{\"@type\":\"BreadcrumbList\",\"@id\":\"https:\/\/joyerialeon.es\/journal\/#breadcrumb\",\"itemListElement\":[{\"@type\":\"ListItem\",\"position\":1,\"name\":\"Portada\",\"item\":\"https:\/\/joyerialeon.es\/\"},{\"@type\":\"ListItem\",\"position\":2,\"name\":\"Journal\"}]},{\"@type\":\"WebSite\",\"@id\":\"https:\/\/joyerialeon.es\/#website\",\"url\":\"https:\/\/joyerialeon.es\/\",\"name\":\"Joyer\u00eda Le\u00f3n - Paseo de Almer\u00eda, 20\",\"description\":\"Tu joyer\u00eda en Almer\u00eda desde siempre\",\"publisher\":{\"@id\":\"https:\/\/joyerialeon.es\/#organization\"},\"potentialAction\":[{\"@type\":\"SearchAction\",\"target\":{\"@type\":\"EntryPoint\",\"urlTemplate\":\"https:\/\/joyerialeon.es\/?s={search_term_string}\"},\"query-input\":{\"@type\":\"PropertyValueSpecification\",\"valueRequired\":true,\"valueName\":\"search_term_string\"}}],\"inLanguage\":\"en-US\"},{\"@type\":\"Organization\",\"@id\":\"https:\/\/joyerialeon.es\/#organization\",\"name\":\"Joyer\u00eda Le\u00f3n\",\"url\":\"https:\/\/joyerialeon.es\/\",\"logo\":{\"@type\":\"ImageObject\",\"inLanguage\":\"en-US\",\"@id\":\"https:\/\/joyerialeon.es\/#\/schema\/logo\/image\/\",\"url\":\"https:\/\/joyerialeon.es\/wp-content\/uploads\/2021\/01\/cropped-joyeria-leon-almeria-logo.png\",\"contentUrl\":\"https:\/\/joyerialeon.es\/wp-content\/uploads\/2021\/01\/cropped-joyeria-leon-almeria-logo.png\",\"width\":500,\"height\":104,\"caption\":\"Joyer\u00eda Le\u00f3n\"},\"image\":{\"@id\":\"https:\/\/joyerialeon.es\/#\/schema\/logo\/image\/\"}}]}<\/script>\n<!-- \/ Yoast SEO plugin. -->","yoast_head_json":{"title":"Journal - Joyer\u00eda Le\u00f3n - Paseo de Almer\u00eda, 20","robots":{"index":"index","follow":"follow","max-snippet":"max-snippet:-1","max-image-preview":"max-image-preview:large","max-video-preview":"max-video-preview:-1"},"canonical":"https:\/\/joyerialeon.es\/en\/journal\/","og_locale":"en_US","og_type":"article","og_title":"Journal - Joyer\u00eda Le\u00f3n - Paseo de Almer\u00eda, 20","og_url":"https:\/\/joyerialeon.es\/en\/journal\/","og_site_name":"Joyer\u00eda Le\u00f3n - Paseo de Almer\u00eda, 20","twitter_card":"summary_large_image","schema":{"@context":"https:\/\/schema.org","@graph":[{"@type":"WebPage","@id":"https:\/\/joyerialeon.es\/journal\/","url":"https:\/\/joyerialeon.es\/journal\/","name":"Journal - Joyer\u00eda Le\u00f3n - Paseo de Almer\u00eda, 20","isPartOf":{"@id":"https:\/\/joyerialeon.es\/#website"},"datePublished":"2020-03-02T08:32:09+00:00","breadcrumb":{"@id":"https:\/\/joyerialeon.es\/journal\/#breadcrumb"},"inLanguage":"en-US","potentialAction":[{"@type":"ReadAction","target":["https:\/\/joyerialeon.es\/journal\/"]}]},{"@type":"BreadcrumbList","@id":"https:\/\/joyerialeon.es\/journal\/#breadcrumb","itemListElement":[{"@type":"ListItem","position":1,"name":"Portada","item":"https:\/\/joyerialeon.es\/"},{"@type":"ListItem","position":2,"name":"Journal"}]},{"@type":"WebSite","@id":"https:\/\/joyerialeon.es\/#website","url":"https:\/\/joyerialeon.es\/","name":"Joyer\u00eda Le\u00f3n - Paseo de Almer\u00eda, 20","description":"Tu joyer\u00eda en Almer\u00eda desde siempre","publisher":{"@id":"https:\/\/joyerialeon.es\/#organization"},"potentialAction":[{"@type":"SearchAction","target":{"@type":"EntryPoint","urlTemplate":"https:\/\/joyerialeon.es\/?s={search_term_string}"},"query-input":{"@type":"PropertyValueSpecification","valueRequired":true,"valueName":"search_term_string"}}],"inLanguage":"en-US"},{"@type":"Organization","@id":"https:\/\/joyerialeon.es\/#organization","name":"Joyer\u00eda Le\u00f3n","url":"https:\/\/joyerialeon.es\/","logo":{"@type":"ImageObject","inLanguage":"en-US","@id":"https:\/\/joyerialeon.es\/#\/schema\/logo\/image\/","url":"https:\/\/joyerialeon.es\/wp-content\/uploads\/2021\/01\/cropped-joyeria-leon-almeria-logo.png","contentUrl":"https:\/\/joyerialeon.es\/wp-content\/uploads\/2021\/01\/cropped-joyeria-leon-almeria-logo.png","width":500,"height":104,"caption":"Joyer\u00eda Le\u00f3n"},"image":{"@id":"https:\/\/joyerialeon.es\/#\/schema\/logo\/image\/"}}]}},"_links":{"self":[{"href":"https:\/\/joyerialeon.es\/en\/wp-json\/wp\/v2\/pages\/30","targetHints":{"allow":["GET"]}}],"collection":[{"href":"https:\/\/joyerialeon.es\/en\/wp-json\/wp\/v2\/pages"}],"about":[{"href":"https:\/\/joyerialeon.es\/en\/wp-json\/wp\/v2\/types\/page"}],"author":[{"embeddable":true,"href":"https:\/\/joyerialeon.es\/en\/wp-json\/wp\/v2\/users\/2"}],"replies":[{"embeddable":true,"href":"https:\/\/joyerialeon.es\/en\/wp-json\/wp\/v2\/comments?post=30"}],"version-history":[{"count":0,"href":"https:\/\/joyerialeon.es\/en\/wp-json\/wp\/v2\/pages\/30\/revisions"}],"wp:attachment":[{"href":"https:\/\/joyerialeon.es\/en\/wp-json\/wp\/v2\/media?parent=30"}],"curies":[{"name":"wp","href":"https:\/\/api.w.org\/{rel}","templated":true}]}}