{"id":987937,"date":"2024-01-25T12:48:11","date_gmt":"2024-01-25T11:48:11","guid":{"rendered":"https:\/\/joyerialeon.es\/?page_id=987937"},"modified":"2024-01-30T09:15:20","modified_gmt":"2024-01-30T08:15:20","slug":"joyeria-de-plata","status":"publish","type":"page","link":"https:\/\/joyerialeon.es\/en\/joyeria-de-plata\/","title":{"rendered":"Joyer\u00eda de Plata"},"content":{"rendered":"<div data-elementor-type=\"wp-page\" data-elementor-id=\"987937\" class=\"elementor elementor-987937\" data-elementor-post-type=\"page\">\n\t\t\t\t\t\t<section class=\"elementor-section elementor-top-section elementor-element elementor-element-b58e694 elementor-section-height-min-height elementor-section-content-middle elementor-section-items-stretch elementor-section-boxed elementor-section-height-default elementor-invisible\" data-id=\"b58e694\" data-element_type=\"section\" data-e-type=\"section\" data-settings=\"{&quot;background_background&quot;:&quot;classic&quot;,&quot;animation&quot;:&quot;fadeIn&quot;,&quot;animation_delay&quot;:500}\">\n\t\t\t\t\t\t\t<div class=\"elementor-background-overlay\"><\/div>\n\t\t\t\t\t\t\t<div class=\"elementor-container elementor-column-gap-default\">\n\t\t\t\t\t<div class=\"elementor-column elementor-col-33 elementor-top-column elementor-element elementor-element-5027374 animated-slow elementor-invisible\" data-id=\"5027374\" data-element_type=\"column\" data-e-type=\"column\" data-settings=\"{&quot;animation&quot;:&quot;fadeIn&quot;}\">\n\t\t\t<div class=\"elementor-widget-wrap elementor-element-populated\">\n\t\t\t\t\t\t<div class=\"elementor-element elementor-element-c4feebe elementor-widget elementor-widget-heading\" data-id=\"c4feebe\" data-element_type=\"widget\" data-e-type=\"widget\" id=\"up\" data-widget_type=\"heading.default\">\n\t\t\t\t<div class=\"elementor-widget-container\">\n\t\t\t\t\t<h1 class=\"elementor-heading-title elementor-size-default\">JOER\u00cdA DE PLATA<\/h1>\t\t\t\t<\/div>\n\t\t\t\t<\/div>\n\t\t\t\t<div class=\"elementor-element elementor-element-86e9820 elementor-widget elementor-widget-text-editor\" data-id=\"86e9820\" data-element_type=\"widget\" data-e-type=\"widget\" data-widget_type=\"text-editor.default\">\n\t\t\t\t<div class=\"elementor-widget-container\">\n\t\t\t\t\t\t\t\t\t<p>JOYER\u00cdA LE\u00d3N<\/p>\t\t\t\t\t\t\t\t<\/div>\n\t\t\t\t<\/div>\n\t\t\t\t<div class=\"elementor-element elementor-element-deee045 animated-slow elementor-invisible elementor-widget elementor-widget-heading\" data-id=\"deee045\" data-element_type=\"widget\" data-e-type=\"widget\" data-settings=\"{&quot;_animation&quot;:&quot;fadeInDown&quot;,&quot;_animation_delay&quot;:400}\" data-widget_type=\"heading.default\">\n\t\t\t\t<div class=\"elementor-widget-container\">\n\t\t\t\t\t<h2 class=\"elementor-heading-title elementor-size-default\">Joyer\u00eda de alta calidad <\/h2>\t\t\t\t<\/div>\n\t\t\t\t<\/div>\n\t\t\t\t\t<\/div>\n\t\t<\/div>\n\t\t\t\t<div class=\"elementor-column elementor-col-33 elementor-top-column elementor-element elementor-element-0e27c5d\" data-id=\"0e27c5d\" data-element_type=\"column\" data-e-type=\"column\">\n\t\t\t<div class=\"elementor-widget-wrap elementor-element-populated\">\n\t\t\t\t\t\t<div class=\"elementor-element elementor-element-b08721f elementor-view-default elementor-invisible elementor-widget elementor-widget-icon\" data-id=\"b08721f\" data-element_type=\"widget\" data-e-type=\"widget\" data-settings=\"{&quot;_animation&quot;:&quot;fadeInDown&quot;,&quot;_animation_delay&quot;:400,&quot;motion_fx_motion_fx_scrolling&quot;:&quot;yes&quot;,&quot;motion_fx_translateY_effect&quot;:&quot;yes&quot;,&quot;motion_fx_translateY_direction&quot;:&quot;negative&quot;,&quot;motion_fx_translateY_speed&quot;:{&quot;unit&quot;:&quot;px&quot;,&quot;size&quot;:2,&quot;sizes&quot;:[]},&quot;motion_fx_translateY_affectedRange&quot;:{&quot;unit&quot;:&quot;%&quot;,&quot;size&quot;:&quot;&quot;,&quot;sizes&quot;:{&quot;start&quot;:50,&quot;end&quot;:100}},&quot;motion_fx_devices&quot;:[&quot;desktop&quot;]}\" data-widget_type=\"icon.default\">\n\t\t\t\t<div class=\"elementor-widget-container\">\n\t\t\t\t\t\t\t<div class=\"elementor-icon-wrapper\">\n\t\t\t<a class=\"elementor-icon elementor-animation-float\" href=\"#position1\">\n\t\t\t<i aria-hidden=\"true\" class=\"vamtamtheme- vamtam-theme-arrow-bottom\"><\/i>\t\t\t<\/a>\n\t\t<\/div>\n\t\t\t\t\t\t<\/div>\n\t\t\t\t<\/div>\n\t\t\t\t\t<\/div>\n\t\t<\/div>\n\t\t\t\t<div class=\"elementor-column elementor-col-33 elementor-top-column elementor-element elementor-element-a6eb3a1 elementor-hidden-tablet elementor-hidden-phone\" data-id=\"a6eb3a1\" data-element_type=\"column\" data-e-type=\"column\">\n\t\t\t<div class=\"elementor-widget-wrap\">\n\t\t\t\t\t\t\t<\/div>\n\t\t<\/div>\n\t\t\t\t\t<\/div>\n\t\t<\/section>\n\t\t\t\t<section class=\"elementor-section elementor-top-section elementor-element elementor-element-81045bc elementor-section-boxed elementor-section-height-default elementor-section-height-default\" data-id=\"81045bc\" data-element_type=\"section\" data-e-type=\"section\" data-settings=\"{&quot;background_background&quot;:&quot;classic&quot;}\">\n\t\t\t\t\t\t<div class=\"elementor-container elementor-column-gap-default\">\n\t\t\t\t\t<div class=\"elementor-column elementor-col-20 elementor-top-column elementor-element elementor-element-176c8b4\" data-id=\"176c8b4\" data-element_type=\"column\" data-e-type=\"column\">\n\t\t\t<div class=\"elementor-widget-wrap\">\n\t\t\t\t\t\t\t<\/div>\n\t\t<\/div>\n\t\t\t\t<div class=\"elementor-column elementor-col-20 elementor-top-column elementor-element elementor-element-5467e06\" data-id=\"5467e06\" data-element_type=\"column\" data-e-type=\"column\">\n\t\t\t<div class=\"elementor-widget-wrap elementor-element-populated\">\n\t\t\t\t\t\t<div class=\"elementor-element elementor-element-27451bf elementor-widget elementor-widget-image\" data-id=\"27451bf\" data-element_type=\"widget\" data-e-type=\"widget\" data-widget_type=\"image.default\">\n\t\t\t\t<div class=\"elementor-widget-container\">\n\t\t\t\t\t\t\t\t\t<div class=\"elementor-image\">\n\t\t\t\t\t\t\t\t\t\t\t\t\t\t\t\t\t\t\t\t\t\t<a href=\"https:\/\/www.duranexquse.com\/\">\n\t\t\t\t\t\t\t\t\t\t\t<img fetchpriority=\"high\" decoding=\"async\" width=\"400\" height=\"400\" src=\"https:\/\/joyerialeon.es\/wp-content\/uploads\/2021\/01\/duran.png\" class=\"attachment-large size-large wp-image-9360\" alt=\"\" srcset=\"https:\/\/joyerialeon.es\/wp-content\/uploads\/2021\/01\/duran.png 400w, https:\/\/joyerialeon.es\/wp-content\/uploads\/2021\/01\/duran-100x100.png 100w, https:\/\/joyerialeon.es\/wp-content\/uploads\/2021\/01\/duran-300x300.png 300w, https:\/\/joyerialeon.es\/wp-content\/uploads\/2021\/01\/duran-150x150.png 150w, https:\/\/joyerialeon.es\/wp-content\/uploads\/2021\/01\/duran-315x315.png 315w\" sizes=\"(max-width: 400px) 100vw, 400px\" \/>\t\t\t\t\t\t\t\t\t\t\t\t<\/a>\n\t\t\t\t\t\t\t\t\t\t\t\t\t\t\t\t\t\t\t\t\t\t\t\t<\/div>\n\t\t\t\t\t\t\t\t<\/div>\n\t\t\t\t<\/div>\n\t\t\t\t\t<\/div>\n\t\t<\/div>\n\t\t\t\t<div class=\"elementor-column elementor-col-20 elementor-top-column elementor-element elementor-element-7f56094\" data-id=\"7f56094\" data-element_type=\"column\" data-e-type=\"column\">\n\t\t\t<div class=\"elementor-widget-wrap elementor-element-populated\">\n\t\t\t\t\t\t<div class=\"elementor-element elementor-element-8639b54 elementor-widget elementor-widget-image\" data-id=\"8639b54\" data-element_type=\"widget\" data-e-type=\"widget\" data-widget_type=\"image.default\">\n\t\t\t\t<div class=\"elementor-widget-container\">\n\t\t\t\t\t\t\t\t\t<div class=\"elementor-image\">\n\t\t\t\t\t\t\t\t\t\t\t\t\t\t\t\t\t\t\t\t\t\t<a href=\"https:\/\/www.mabina.it\/it\/\">\n\t\t\t\t\t\t\t\t\t\t\t<img decoding=\"async\" width=\"1024\" height=\"1024\" src=\"https:\/\/joyerialeon.es\/wp-content\/uploads\/2024\/01\/mabina-1024x1024.png\" class=\"attachment-large size-large wp-image-987950\" alt=\"\" srcset=\"https:\/\/joyerialeon.es\/wp-content\/uploads\/2024\/01\/mabina-1024x1024.png 1024w, https:\/\/joyerialeon.es\/wp-content\/uploads\/2024\/01\/mabina-300x300.png 300w, https:\/\/joyerialeon.es\/wp-content\/uploads\/2024\/01\/mabina-150x150.png 150w, https:\/\/joyerialeon.es\/wp-content\/uploads\/2024\/01\/mabina-768x769.png 768w, https:\/\/joyerialeon.es\/wp-content\/uploads\/2024\/01\/mabina-840x841.png 840w, https:\/\/joyerialeon.es\/wp-content\/uploads\/2024\/01\/mabina-420x420.png 420w, https:\/\/joyerialeon.es\/wp-content\/uploads\/2024\/01\/mabina-630x631.png 630w, https:\/\/joyerialeon.es\/wp-content\/uploads\/2024\/01\/mabina-315x315.png 315w, https:\/\/joyerialeon.es\/wp-content\/uploads\/2024\/01\/mabina.png 1179w\" sizes=\"(max-width: 1024px) 100vw, 1024px\" \/>\t\t\t\t\t\t\t\t\t\t\t\t<\/a>\n\t\t\t\t\t\t\t\t\t\t\t\t\t\t\t\t\t\t\t\t\t\t\t\t<\/div>\n\t\t\t\t\t\t\t\t<\/div>\n\t\t\t\t<\/div>\n\t\t\t\t\t<\/div>\n\t\t<\/div>\n\t\t\t\t<div class=\"elementor-column elementor-col-20 elementor-top-column elementor-element elementor-element-c38e37f\" data-id=\"c38e37f\" data-element_type=\"column\" data-e-type=\"column\">\n\t\t\t<div class=\"elementor-widget-wrap elementor-element-populated\">\n\t\t\t\t\t\t<div class=\"elementor-element elementor-element-be4a79c elementor-widget elementor-widget-image\" data-id=\"be4a79c\" data-element_type=\"widget\" data-e-type=\"widget\" data-widget_type=\"image.default\">\n\t\t\t\t<div class=\"elementor-widget-container\">\n\t\t\t\t\t\t\t\t\t<div class=\"elementor-image\">\n\t\t\t\t\t\t\t\t\t\t\t\t\t\t\t\t\t\t\t\t\t\t<a href=\"https:\/\/www.agatha.es\/es_ES\">\n\t\t\t\t\t\t\t\t\t\t\t<img decoding=\"async\" width=\"1024\" height=\"1024\" src=\"https:\/\/joyerialeon.es\/wp-content\/uploads\/2024\/01\/Agatha-1024x1024.png\" class=\"attachment-large size-large wp-image-987951\" alt=\"\" srcset=\"https:\/\/joyerialeon.es\/wp-content\/uploads\/2024\/01\/Agatha-1024x1024.png 1024w, https:\/\/joyerialeon.es\/wp-content\/uploads\/2024\/01\/Agatha-300x300.png 300w, https:\/\/joyerialeon.es\/wp-content\/uploads\/2024\/01\/Agatha-150x150.png 150w, https:\/\/joyerialeon.es\/wp-content\/uploads\/2024\/01\/Agatha-768x769.png 768w, https:\/\/joyerialeon.es\/wp-content\/uploads\/2024\/01\/Agatha-840x841.png 840w, https:\/\/joyerialeon.es\/wp-content\/uploads\/2024\/01\/Agatha-420x420.png 420w, https:\/\/joyerialeon.es\/wp-content\/uploads\/2024\/01\/Agatha-630x631.png 630w, https:\/\/joyerialeon.es\/wp-content\/uploads\/2024\/01\/Agatha-315x315.png 315w, https:\/\/joyerialeon.es\/wp-content\/uploads\/2024\/01\/Agatha.png 1179w\" sizes=\"(max-width: 1024px) 100vw, 1024px\" \/>\t\t\t\t\t\t\t\t\t\t\t\t<\/a>\n\t\t\t\t\t\t\t\t\t\t\t\t\t\t\t\t\t\t\t\t\t\t\t\t<\/div>\n\t\t\t\t\t\t\t\t<\/div>\n\t\t\t\t<\/div>\n\t\t\t\t\t<\/div>\n\t\t<\/div>\n\t\t\t\t<div class=\"elementor-column elementor-col-20 elementor-top-column elementor-element elementor-element-02a2145\" data-id=\"02a2145\" data-element_type=\"column\" data-e-type=\"column\">\n\t\t\t<div class=\"elementor-widget-wrap\">\n\t\t\t\t\t\t\t<\/div>\n\t\t<\/div>\n\t\t\t\t\t<\/div>\n\t\t<\/section>\n\t\t\t\t<\/div>","protected":false},"excerpt":{"rendered":"<p>JOER\u00cdA DE PLATA JOYER\u00cdA LE\u00d3N Joyer\u00eda de alta calidad<\/p>","protected":false},"author":2,"featured_media":0,"parent":0,"menu_order":0,"comment_status":"closed","ping_status":"closed","template":"","meta":{"footnotes":""},"class_list":["post-987937","page","type-page","status-publish","hentry"],"yoast_head":"<!-- This site is optimized with the Yoast SEO plugin v27.2 - https:\/\/yoast.com\/product\/yoast-seo-wordpress\/ -->\n<title>Joyer\u00eda Le\u00f3n - Paseo de Almer\u00eda, 20<\/title>\n<meta name=\"description\" content=\"Tu joyer\u00eda en Almer\u00eda desde 1980. Las mejores marcas en joyas y relojer\u00eda. Vis\u00edtanos en Paseo de Almer\u00eda 20.\" \/>\n<meta name=\"robots\" content=\"index, follow, max-snippet:-1, max-image-preview:large, max-video-preview:-1\" \/>\n<link rel=\"canonical\" href=\"https:\/\/joyerialeon.es\/en\/joyeria-de-plata\/\" \/>\n<meta property=\"og:locale\" content=\"en_US\" \/>\n<meta property=\"og:type\" content=\"article\" \/>\n<meta property=\"og:title\" content=\"Joyer\u00eda Le\u00f3n - Paseo de Almer\u00eda, 20\" \/>\n<meta property=\"og:description\" content=\"Tu joyer\u00eda en Almer\u00eda desde 1980. Las mejores marcas en joyas y relojer\u00eda. Vis\u00edtanos en Paseo de Almer\u00eda 20.\" \/>\n<meta property=\"og:url\" content=\"https:\/\/joyerialeon.es\/en\/joyeria-de-plata\/\" \/>\n<meta property=\"og:site_name\" content=\"Joyer\u00eda Le\u00f3n - Paseo de Almer\u00eda, 20\" \/>\n<meta property=\"article:modified_time\" content=\"2024-01-30T08:15:20+00:00\" \/>\n<meta property=\"og:image\" content=\"https:\/\/joyerialeon.es\/wp-content\/uploads\/2021\/01\/duran.png\" \/>\n<meta name=\"twitter:card\" content=\"summary_large_image\" \/>\n<meta name=\"twitter:label1\" content=\"Est. reading time\" \/>\n\t<meta name=\"twitter:data1\" content=\"1 minute\" \/>\n<script type=\"application\/ld+json\" class=\"yoast-schema-graph\">{\"@context\":\"https:\/\/schema.org\",\"@graph\":[{\"@type\":\"WebPage\",\"@id\":\"https:\/\/joyerialeon.es\/joyeria-de-plata\/\",\"url\":\"https:\/\/joyerialeon.es\/joyeria-de-plata\/\",\"name\":\"Joyer\u00eda Le\u00f3n - Paseo de Almer\u00eda, 20\",\"isPartOf\":{\"@id\":\"https:\/\/joyerialeon.es\/#website\"},\"primaryImageOfPage\":{\"@id\":\"https:\/\/joyerialeon.es\/joyeria-de-plata\/#primaryimage\"},\"image\":{\"@id\":\"https:\/\/joyerialeon.es\/joyeria-de-plata\/#primaryimage\"},\"thumbnailUrl\":\"https:\/\/joyerialeon.es\/wp-content\/uploads\/2021\/01\/duran.png\",\"datePublished\":\"2024-01-25T11:48:11+00:00\",\"dateModified\":\"2024-01-30T08:15:20+00:00\",\"description\":\"Tu joyer\u00eda en Almer\u00eda desde 1980. Las mejores marcas en joyas y relojer\u00eda. Vis\u00edtanos en Paseo de Almer\u00eda 20.\",\"breadcrumb\":{\"@id\":\"https:\/\/joyerialeon.es\/joyeria-de-plata\/#breadcrumb\"},\"inLanguage\":\"en-US\",\"potentialAction\":[{\"@type\":\"ReadAction\",\"target\":[\"https:\/\/joyerialeon.es\/joyeria-de-plata\/\"]}]},{\"@type\":\"ImageObject\",\"inLanguage\":\"en-US\",\"@id\":\"https:\/\/joyerialeon.es\/joyeria-de-plata\/#primaryimage\",\"url\":\"https:\/\/joyerialeon.es\/wp-content\/uploads\/2021\/01\/duran.png\",\"contentUrl\":\"https:\/\/joyerialeon.es\/wp-content\/uploads\/2021\/01\/duran.png\"},{\"@type\":\"BreadcrumbList\",\"@id\":\"https:\/\/joyerialeon.es\/joyeria-de-plata\/#breadcrumb\",\"itemListElement\":[{\"@type\":\"ListItem\",\"position\":1,\"name\":\"Portada\",\"item\":\"https:\/\/joyerialeon.es\/\"},{\"@type\":\"ListItem\",\"position\":2,\"name\":\"Joyer\u00eda de Plata\"}]},{\"@type\":\"WebSite\",\"@id\":\"https:\/\/joyerialeon.es\/#website\",\"url\":\"https:\/\/joyerialeon.es\/\",\"name\":\"Joyer\u00eda Le\u00f3n - Paseo de Almer\u00eda, 20\",\"description\":\"Tu joyer\u00eda en Almer\u00eda desde siempre\",\"publisher\":{\"@id\":\"https:\/\/joyerialeon.es\/#organization\"},\"potentialAction\":[{\"@type\":\"SearchAction\",\"target\":{\"@type\":\"EntryPoint\",\"urlTemplate\":\"https:\/\/joyerialeon.es\/?s={search_term_string}\"},\"query-input\":{\"@type\":\"PropertyValueSpecification\",\"valueRequired\":true,\"valueName\":\"search_term_string\"}}],\"inLanguage\":\"en-US\"},{\"@type\":\"Organization\",\"@id\":\"https:\/\/joyerialeon.es\/#organization\",\"name\":\"Joyer\u00eda Le\u00f3n\",\"url\":\"https:\/\/joyerialeon.es\/\",\"logo\":{\"@type\":\"ImageObject\",\"inLanguage\":\"en-US\",\"@id\":\"https:\/\/joyerialeon.es\/#\/schema\/logo\/image\/\",\"url\":\"https:\/\/joyerialeon.es\/wp-content\/uploads\/2021\/01\/cropped-joyeria-leon-almeria-logo.png\",\"contentUrl\":\"https:\/\/joyerialeon.es\/wp-content\/uploads\/2021\/01\/cropped-joyeria-leon-almeria-logo.png\",\"width\":500,\"height\":104,\"caption\":\"Joyer\u00eda Le\u00f3n\"},\"image\":{\"@id\":\"https:\/\/joyerialeon.es\/#\/schema\/logo\/image\/\"}}]}<\/script>\n<!-- \/ Yoast SEO plugin. -->","yoast_head_json":{"title":"Joyer\u00eda Le\u00f3n - Paseo de Almer\u00eda, 20","description":"Tu joyer\u00eda en Almer\u00eda desde 1980. Las mejores marcas en joyas y relojer\u00eda. Vis\u00edtanos en Paseo de Almer\u00eda 20.","robots":{"index":"index","follow":"follow","max-snippet":"max-snippet:-1","max-image-preview":"max-image-preview:large","max-video-preview":"max-video-preview:-1"},"canonical":"https:\/\/joyerialeon.es\/en\/joyeria-de-plata\/","og_locale":"en_US","og_type":"article","og_title":"Joyer\u00eda Le\u00f3n - Paseo de Almer\u00eda, 20","og_description":"Tu joyer\u00eda en Almer\u00eda desde 1980. Las mejores marcas en joyas y relojer\u00eda. Vis\u00edtanos en Paseo de Almer\u00eda 20.","og_url":"https:\/\/joyerialeon.es\/en\/joyeria-de-plata\/","og_site_name":"Joyer\u00eda Le\u00f3n - Paseo de Almer\u00eda, 20","article_modified_time":"2024-01-30T08:15:20+00:00","og_image":[{"url":"https:\/\/joyerialeon.es\/wp-content\/uploads\/2021\/01\/duran.png","type":"","width":"","height":""}],"twitter_card":"summary_large_image","twitter_misc":{"Est. reading time":"1 minute"},"schema":{"@context":"https:\/\/schema.org","@graph":[{"@type":"WebPage","@id":"https:\/\/joyerialeon.es\/joyeria-de-plata\/","url":"https:\/\/joyerialeon.es\/joyeria-de-plata\/","name":"Joyer\u00eda Le\u00f3n - Paseo de Almer\u00eda, 20","isPartOf":{"@id":"https:\/\/joyerialeon.es\/#website"},"primaryImageOfPage":{"@id":"https:\/\/joyerialeon.es\/joyeria-de-plata\/#primaryimage"},"image":{"@id":"https:\/\/joyerialeon.es\/joyeria-de-plata\/#primaryimage"},"thumbnailUrl":"https:\/\/joyerialeon.es\/wp-content\/uploads\/2021\/01\/duran.png","datePublished":"2024-01-25T11:48:11+00:00","dateModified":"2024-01-30T08:15:20+00:00","description":"Tu joyer\u00eda en Almer\u00eda desde 1980. Las mejores marcas en joyas y relojer\u00eda. Vis\u00edtanos en Paseo de Almer\u00eda 20.","breadcrumb":{"@id":"https:\/\/joyerialeon.es\/joyeria-de-plata\/#breadcrumb"},"inLanguage":"en-US","potentialAction":[{"@type":"ReadAction","target":["https:\/\/joyerialeon.es\/joyeria-de-plata\/"]}]},{"@type":"ImageObject","inLanguage":"en-US","@id":"https:\/\/joyerialeon.es\/joyeria-de-plata\/#primaryimage","url":"https:\/\/joyerialeon.es\/wp-content\/uploads\/2021\/01\/duran.png","contentUrl":"https:\/\/joyerialeon.es\/wp-content\/uploads\/2021\/01\/duran.png"},{"@type":"BreadcrumbList","@id":"https:\/\/joyerialeon.es\/joyeria-de-plata\/#breadcrumb","itemListElement":[{"@type":"ListItem","position":1,"name":"Portada","item":"https:\/\/joyerialeon.es\/"},{"@type":"ListItem","position":2,"name":"Joyer\u00eda de Plata"}]},{"@type":"WebSite","@id":"https:\/\/joyerialeon.es\/#website","url":"https:\/\/joyerialeon.es\/","name":"Joyer\u00eda Le\u00f3n - Paseo de Almer\u00eda, 20","description":"Tu joyer\u00eda en Almer\u00eda desde siempre","publisher":{"@id":"https:\/\/joyerialeon.es\/#organization"},"potentialAction":[{"@type":"SearchAction","target":{"@type":"EntryPoint","urlTemplate":"https:\/\/joyerialeon.es\/?s={search_term_string}"},"query-input":{"@type":"PropertyValueSpecification","valueRequired":true,"valueName":"search_term_string"}}],"inLanguage":"en-US"},{"@type":"Organization","@id":"https:\/\/joyerialeon.es\/#organization","name":"Joyer\u00eda Le\u00f3n","url":"https:\/\/joyerialeon.es\/","logo":{"@type":"ImageObject","inLanguage":"en-US","@id":"https:\/\/joyerialeon.es\/#\/schema\/logo\/image\/","url":"https:\/\/joyerialeon.es\/wp-content\/uploads\/2021\/01\/cropped-joyeria-leon-almeria-logo.png","contentUrl":"https:\/\/joyerialeon.es\/wp-content\/uploads\/2021\/01\/cropped-joyeria-leon-almeria-logo.png","width":500,"height":104,"caption":"Joyer\u00eda Le\u00f3n"},"image":{"@id":"https:\/\/joyerialeon.es\/#\/schema\/logo\/image\/"}}]}},"_links":{"self":[{"href":"https:\/\/joyerialeon.es\/en\/wp-json\/wp\/v2\/pages\/987937","targetHints":{"allow":["GET"]}}],"collection":[{"href":"https:\/\/joyerialeon.es\/en\/wp-json\/wp\/v2\/pages"}],"about":[{"href":"https:\/\/joyerialeon.es\/en\/wp-json\/wp\/v2\/types\/page"}],"author":[{"embeddable":true,"href":"https:\/\/joyerialeon.es\/en\/wp-json\/wp\/v2\/users\/2"}],"replies":[{"embeddable":true,"href":"https:\/\/joyerialeon.es\/en\/wp-json\/wp\/v2\/comments?post=987937"}],"version-history":[{"count":11,"href":"https:\/\/joyerialeon.es\/en\/wp-json\/wp\/v2\/pages\/987937\/revisions"}],"predecessor-version":[{"id":987959,"href":"https:\/\/joyerialeon.es\/en\/wp-json\/wp\/v2\/pages\/987937\/revisions\/987959"}],"wp:attachment":[{"href":"https:\/\/joyerialeon.es\/en\/wp-json\/wp\/v2\/media?parent=987937"}],"curies":[{"name":"wp","href":"https:\/\/api.w.org\/{rel}","templated":true}]}}