{"id":2929,"date":"2020-05-29T17:41:02","date_gmt":"2020-05-29T17:41:02","guid":{"rendered":"https:\/\/bijoux.vamtam.com\/?post_type=product&amp;p=2929"},"modified":"2020-05-29T17:41:02","modified_gmt":"2020-05-29T17:41:02","slug":"carla-golden-earrings","status":"publish","type":"product","link":"https:\/\/joyerialeon.es\/en\/product\/carla-golden-earrings\/","title":{"rendered":"Carla Golden Earrings"},"content":{"rendered":"<div class=\"vgblk-rw-wrapper limit-wrapper\">Yellow Gold (16 kt)<br \/>\nAlpa System<br \/>\nDimensions: 5.50 x 5.50 cm<\/div>\n<p><!-- .vgblk-rw-wrapper --><\/p>","protected":false},"excerpt":{"rendered":"<p>Carla Golden Earrings are elegantly subversive and captures the spirit of the women of New York City. Dressed up or down, these earrings feature bold 18k gold links and refined ornaments.<a href=\"https:\/\/www.joidart.com\/en\/mimbre-golden-earrings-J3344AR023200\/\"> Product Link<\/a><\/p>","protected":false},"featured_media":987654,"comment_status":"open","ping_status":"closed","template":"","meta":[],"product_brand":[],"product_cat":[24],"product_tag":[25,31],"class_list":{"0":"post-2929","1":"product","2":"type-product","3":"status-publish","4":"has-post-thumbnail","6":"product_cat-earrings","7":"product_tag-earrings","8":"product_tag-golden","10":"first","11":"instock","12":"shipping-taxable","13":"purchasable","14":"product-type-simple"},"yoast_head":"<!-- This site is optimized with the Yoast SEO plugin v27.2 - https:\/\/yoast.com\/product\/yoast-seo-wordpress\/ -->\n<title>Carla Golden Earrings - Joyer\u00eda Le\u00f3n - Paseo de Almer\u00eda, 20<\/title>\n<meta name=\"robots\" content=\"index, follow, max-snippet:-1, max-image-preview:large, max-video-preview:-1\" \/>\n<link rel=\"canonical\" href=\"https:\/\/joyerialeon.es\/en\/product\/carla-golden-earrings\/\" \/>\n<meta property=\"og:locale\" content=\"en_US\" \/>\n<meta property=\"og:type\" content=\"article\" \/>\n<meta property=\"og:title\" content=\"Carla Golden Earrings - Joyer\u00eda Le\u00f3n - Paseo de Almer\u00eda, 20\" \/>\n<meta property=\"og:description\" content=\"Carla Golden Earrings are elegantly subversive and captures the spirit of the women of New York City. Dressed up or down, these earrings feature bold 18k gold links and refined ornaments. Product Link\" \/>\n<meta property=\"og:url\" content=\"https:\/\/joyerialeon.es\/en\/product\/carla-golden-earrings\/\" \/>\n<meta property=\"og:site_name\" content=\"Joyer\u00eda Le\u00f3n - Paseo de Almer\u00eda, 20\" \/>\n<meta property=\"og:image\" content=\"https:\/\/joyerialeon.es\/wp-content\/uploads\/2013\/04\/large.jpg\" \/>\n\t<meta property=\"og:image:width\" content=\"1100\" \/>\n\t<meta property=\"og:image:height\" content=\"700\" \/>\n\t<meta property=\"og:image:type\" content=\"image\/jpeg\" \/>\n<meta name=\"twitter:card\" content=\"summary_large_image\" \/>\n<script type=\"application\/ld+json\" class=\"yoast-schema-graph\">{\"@context\":\"https:\/\/schema.org\",\"@graph\":[{\"@type\":\"WebPage\",\"@id\":\"https:\/\/joyerialeon.es\/producto\/carla-golden-earrings\/\",\"url\":\"https:\/\/joyerialeon.es\/producto\/carla-golden-earrings\/\",\"name\":\"Carla Golden Earrings - Joyer\u00eda Le\u00f3n - Paseo de Almer\u00eda, 20\",\"isPartOf\":{\"@id\":\"https:\/\/joyerialeon.es\/#website\"},\"primaryImageOfPage\":{\"@id\":\"https:\/\/joyerialeon.es\/producto\/carla-golden-earrings\/#primaryimage\"},\"image\":{\"@id\":\"https:\/\/joyerialeon.es\/producto\/carla-golden-earrings\/#primaryimage\"},\"thumbnailUrl\":\"https:\/\/joyerialeon.es\/wp-content\/uploads\/2013\/04\/large.jpg\",\"datePublished\":\"2020-05-29T17:41:02+00:00\",\"breadcrumb\":{\"@id\":\"https:\/\/joyerialeon.es\/producto\/carla-golden-earrings\/#breadcrumb\"},\"inLanguage\":\"en-US\",\"potentialAction\":[{\"@type\":\"ReadAction\",\"target\":[\"https:\/\/joyerialeon.es\/producto\/carla-golden-earrings\/\"]}]},{\"@type\":\"ImageObject\",\"inLanguage\":\"en-US\",\"@id\":\"https:\/\/joyerialeon.es\/producto\/carla-golden-earrings\/#primaryimage\",\"url\":\"https:\/\/joyerialeon.es\/wp-content\/uploads\/2013\/04\/large.jpg\",\"contentUrl\":\"https:\/\/joyerialeon.es\/wp-content\/uploads\/2013\/04\/large.jpg\",\"width\":1100,\"height\":700},{\"@type\":\"BreadcrumbList\",\"@id\":\"https:\/\/joyerialeon.es\/producto\/carla-golden-earrings\/#breadcrumb\",\"itemListElement\":[{\"@type\":\"ListItem\",\"position\":1,\"name\":\"Portada\",\"item\":\"https:\/\/joyerialeon.es\/\"},{\"@type\":\"ListItem\",\"position\":2,\"name\":\"Collections\",\"item\":\"https:\/\/joyerialeon.es\/collections\/\"},{\"@type\":\"ListItem\",\"position\":3,\"name\":\"Carla Golden Earrings\"}]},{\"@type\":\"WebSite\",\"@id\":\"https:\/\/joyerialeon.es\/#website\",\"url\":\"https:\/\/joyerialeon.es\/\",\"name\":\"Joyer\u00eda Le\u00f3n - Paseo de Almer\u00eda, 20\",\"description\":\"Tu joyer\u00eda en Almer\u00eda desde siempre\",\"publisher\":{\"@id\":\"https:\/\/joyerialeon.es\/#organization\"},\"potentialAction\":[{\"@type\":\"SearchAction\",\"target\":{\"@type\":\"EntryPoint\",\"urlTemplate\":\"https:\/\/joyerialeon.es\/?s={search_term_string}\"},\"query-input\":{\"@type\":\"PropertyValueSpecification\",\"valueRequired\":true,\"valueName\":\"search_term_string\"}}],\"inLanguage\":\"en-US\"},{\"@type\":\"Organization\",\"@id\":\"https:\/\/joyerialeon.es\/#organization\",\"name\":\"Joyer\u00eda Le\u00f3n\",\"url\":\"https:\/\/joyerialeon.es\/\",\"logo\":{\"@type\":\"ImageObject\",\"inLanguage\":\"en-US\",\"@id\":\"https:\/\/joyerialeon.es\/#\/schema\/logo\/image\/\",\"url\":\"https:\/\/joyerialeon.es\/wp-content\/uploads\/2021\/01\/cropped-joyeria-leon-almeria-logo.png\",\"contentUrl\":\"https:\/\/joyerialeon.es\/wp-content\/uploads\/2021\/01\/cropped-joyeria-leon-almeria-logo.png\",\"width\":500,\"height\":104,\"caption\":\"Joyer\u00eda Le\u00f3n\"},\"image\":{\"@id\":\"https:\/\/joyerialeon.es\/#\/schema\/logo\/image\/\"}}]}<\/script>\n<!-- \/ Yoast SEO plugin. -->","yoast_head_json":{"title":"Carla Golden Earrings - Joyer\u00eda Le\u00f3n - Paseo de Almer\u00eda, 20","robots":{"index":"index","follow":"follow","max-snippet":"max-snippet:-1","max-image-preview":"max-image-preview:large","max-video-preview":"max-video-preview:-1"},"canonical":"https:\/\/joyerialeon.es\/en\/product\/carla-golden-earrings\/","og_locale":"en_US","og_type":"article","og_title":"Carla Golden Earrings - Joyer\u00eda Le\u00f3n - Paseo de Almer\u00eda, 20","og_description":"Carla Golden Earrings are elegantly subversive and captures the spirit of the women of New York City. Dressed up or down, these earrings feature bold 18k gold links and refined ornaments. Product Link","og_url":"https:\/\/joyerialeon.es\/en\/product\/carla-golden-earrings\/","og_site_name":"Joyer\u00eda Le\u00f3n - Paseo de Almer\u00eda, 20","og_image":[{"width":1100,"height":700,"url":"https:\/\/joyerialeon.es\/wp-content\/uploads\/2013\/04\/large.jpg","type":"image\/jpeg"}],"twitter_card":"summary_large_image","schema":{"@context":"https:\/\/schema.org","@graph":[{"@type":"WebPage","@id":"https:\/\/joyerialeon.es\/producto\/carla-golden-earrings\/","url":"https:\/\/joyerialeon.es\/producto\/carla-golden-earrings\/","name":"Carla Golden Earrings - Joyer\u00eda Le\u00f3n - Paseo de Almer\u00eda, 20","isPartOf":{"@id":"https:\/\/joyerialeon.es\/#website"},"primaryImageOfPage":{"@id":"https:\/\/joyerialeon.es\/producto\/carla-golden-earrings\/#primaryimage"},"image":{"@id":"https:\/\/joyerialeon.es\/producto\/carla-golden-earrings\/#primaryimage"},"thumbnailUrl":"https:\/\/joyerialeon.es\/wp-content\/uploads\/2013\/04\/large.jpg","datePublished":"2020-05-29T17:41:02+00:00","breadcrumb":{"@id":"https:\/\/joyerialeon.es\/producto\/carla-golden-earrings\/#breadcrumb"},"inLanguage":"en-US","potentialAction":[{"@type":"ReadAction","target":["https:\/\/joyerialeon.es\/producto\/carla-golden-earrings\/"]}]},{"@type":"ImageObject","inLanguage":"en-US","@id":"https:\/\/joyerialeon.es\/producto\/carla-golden-earrings\/#primaryimage","url":"https:\/\/joyerialeon.es\/wp-content\/uploads\/2013\/04\/large.jpg","contentUrl":"https:\/\/joyerialeon.es\/wp-content\/uploads\/2013\/04\/large.jpg","width":1100,"height":700},{"@type":"BreadcrumbList","@id":"https:\/\/joyerialeon.es\/producto\/carla-golden-earrings\/#breadcrumb","itemListElement":[{"@type":"ListItem","position":1,"name":"Portada","item":"https:\/\/joyerialeon.es\/"},{"@type":"ListItem","position":2,"name":"Collections","item":"https:\/\/joyerialeon.es\/collections\/"},{"@type":"ListItem","position":3,"name":"Carla Golden Earrings"}]},{"@type":"WebSite","@id":"https:\/\/joyerialeon.es\/#website","url":"https:\/\/joyerialeon.es\/","name":"Joyer\u00eda Le\u00f3n - Paseo de Almer\u00eda, 20","description":"Tu joyer\u00eda en Almer\u00eda desde siempre","publisher":{"@id":"https:\/\/joyerialeon.es\/#organization"},"potentialAction":[{"@type":"SearchAction","target":{"@type":"EntryPoint","urlTemplate":"https:\/\/joyerialeon.es\/?s={search_term_string}"},"query-input":{"@type":"PropertyValueSpecification","valueRequired":true,"valueName":"search_term_string"}}],"inLanguage":"en-US"},{"@type":"Organization","@id":"https:\/\/joyerialeon.es\/#organization","name":"Joyer\u00eda Le\u00f3n","url":"https:\/\/joyerialeon.es\/","logo":{"@type":"ImageObject","inLanguage":"en-US","@id":"https:\/\/joyerialeon.es\/#\/schema\/logo\/image\/","url":"https:\/\/joyerialeon.es\/wp-content\/uploads\/2021\/01\/cropped-joyeria-leon-almeria-logo.png","contentUrl":"https:\/\/joyerialeon.es\/wp-content\/uploads\/2021\/01\/cropped-joyeria-leon-almeria-logo.png","width":500,"height":104,"caption":"Joyer\u00eda Le\u00f3n"},"image":{"@id":"https:\/\/joyerialeon.es\/#\/schema\/logo\/image\/"}}]}},"_links":{"self":[{"href":"https:\/\/joyerialeon.es\/en\/wp-json\/wp\/v2\/product\/2929","targetHints":{"allow":["GET"]}}],"collection":[{"href":"https:\/\/joyerialeon.es\/en\/wp-json\/wp\/v2\/product"}],"about":[{"href":"https:\/\/joyerialeon.es\/en\/wp-json\/wp\/v2\/types\/product"}],"replies":[{"embeddable":true,"href":"https:\/\/joyerialeon.es\/en\/wp-json\/wp\/v2\/comments?post=2929"}],"version-history":[{"count":0,"href":"https:\/\/joyerialeon.es\/en\/wp-json\/wp\/v2\/product\/2929\/revisions"}],"wp:featuredmedia":[{"embeddable":true,"href":"https:\/\/joyerialeon.es\/en\/wp-json\/wp\/v2\/media\/987654"}],"wp:attachment":[{"href":"https:\/\/joyerialeon.es\/en\/wp-json\/wp\/v2\/media?parent=2929"}],"wp:term":[{"taxonomy":"product_brand","embeddable":true,"href":"https:\/\/joyerialeon.es\/en\/wp-json\/wp\/v2\/product_brand?post=2929"},{"taxonomy":"product_cat","embeddable":true,"href":"https:\/\/joyerialeon.es\/en\/wp-json\/wp\/v2\/product_cat?post=2929"},{"taxonomy":"product_tag","embeddable":true,"href":"https:\/\/joyerialeon.es\/en\/wp-json\/wp\/v2\/product_tag?post=2929"}],"curies":[{"name":"wp","href":"https:\/\/api.w.org\/{rel}","templated":true}]}}