{"id":5075,"date":"2020-10-21T17:13:58","date_gmt":"2020-10-21T17:13:58","guid":{"rendered":"https:\/\/bijoux.vamtam.com\/?post_type=product&amp;p=5075"},"modified":"2020-10-21T17:13:58","modified_gmt":"2020-10-21T17:13:58","slug":"portlligat-golden-bracelet","status":"publish","type":"product","link":"https:\/\/joyerialeon.es\/en\/product\/portlligat-golden-bracelet\/","title":{"rendered":"Portlligat Golden Bracelet"},"content":{"rendered":"<div class=\"vgblk-rw-wrapper limit-wrapper\">Yellow Gold (18 kt)<br \/>\nAlpa System<br \/>\nDiameter: ~ 9 cm<br \/>\nWidth: 0.6 cm<\/div>\n<p><!-- .vgblk-rw-wrapper --><\/p>","protected":false},"excerpt":{"rendered":"<p>Wrapped around the wearer in a continuous, unbroken circle, this hinged bangle features scintillating diamonds. Olivia Golden Bracelet designs represent individual strength and perpetual power, worn outwardly to express what lies within. Stack this hinged bangle with other bracelets for a bold look, or simply wear it on its own. <a href=\"https:\/\/www.joidart.com\/en\/portlligat-golden-bracelet\/\">Product Link<\/a><\/p>","protected":false},"featured_media":987654,"comment_status":"open","ping_status":"closed","template":"","meta":[],"product_brand":[],"product_cat":[22],"product_tag":[21,31],"class_list":{"0":"post-5075","1":"product","2":"type-product","3":"status-publish","4":"has-post-thumbnail","6":"product_cat-bracelets","7":"product_tag-bracelet","8":"product_tag-golden","10":"first","11":"instock","12":"shipping-taxable","13":"purchasable","14":"product-type-simple"},"yoast_head":"<!-- This site is optimized with the Yoast SEO plugin v27.2 - https:\/\/yoast.com\/product\/yoast-seo-wordpress\/ -->\n<title>Portlligat Golden Bracelet - Joyer\u00eda Le\u00f3n - Paseo de Almer\u00eda, 20<\/title>\n<meta name=\"robots\" content=\"index, follow, max-snippet:-1, max-image-preview:large, max-video-preview:-1\" \/>\n<link rel=\"canonical\" href=\"https:\/\/joyerialeon.es\/en\/product\/portlligat-golden-bracelet\/\" \/>\n<meta property=\"og:locale\" content=\"en_US\" \/>\n<meta property=\"og:type\" content=\"article\" \/>\n<meta property=\"og:title\" content=\"Portlligat Golden Bracelet - Joyer\u00eda Le\u00f3n - Paseo de Almer\u00eda, 20\" \/>\n<meta property=\"og:description\" content=\"Wrapped around the wearer in a continuous, unbroken circle, this hinged bangle features scintillating diamonds. Olivia Golden Bracelet designs represent individual strength and perpetual power, worn outwardly to express what lies within. Stack this hinged bangle with other bracelets for a bold look, or simply wear it on its own. Product Link\" \/>\n<meta property=\"og:url\" content=\"https:\/\/joyerialeon.es\/en\/product\/portlligat-golden-bracelet\/\" \/>\n<meta property=\"og:site_name\" content=\"Joyer\u00eda Le\u00f3n - Paseo de Almer\u00eda, 20\" \/>\n<meta property=\"og:image\" content=\"https:\/\/joyerialeon.es\/wp-content\/uploads\/2013\/04\/large.jpg\" \/>\n\t<meta property=\"og:image:width\" content=\"1100\" \/>\n\t<meta property=\"og:image:height\" content=\"700\" \/>\n\t<meta property=\"og:image:type\" content=\"image\/jpeg\" \/>\n<meta name=\"twitter:card\" content=\"summary_large_image\" \/>\n<script type=\"application\/ld+json\" class=\"yoast-schema-graph\">{\"@context\":\"https:\/\/schema.org\",\"@graph\":[{\"@type\":\"WebPage\",\"@id\":\"https:\/\/joyerialeon.es\/producto\/portlligat-golden-bracelet\/\",\"url\":\"https:\/\/joyerialeon.es\/producto\/portlligat-golden-bracelet\/\",\"name\":\"Portlligat Golden Bracelet - Joyer\u00eda Le\u00f3n - Paseo de Almer\u00eda, 20\",\"isPartOf\":{\"@id\":\"https:\/\/joyerialeon.es\/#website\"},\"primaryImageOfPage\":{\"@id\":\"https:\/\/joyerialeon.es\/producto\/portlligat-golden-bracelet\/#primaryimage\"},\"image\":{\"@id\":\"https:\/\/joyerialeon.es\/producto\/portlligat-golden-bracelet\/#primaryimage\"},\"thumbnailUrl\":\"https:\/\/joyerialeon.es\/wp-content\/uploads\/2013\/04\/large.jpg\",\"datePublished\":\"2020-10-21T17:13:58+00:00\",\"breadcrumb\":{\"@id\":\"https:\/\/joyerialeon.es\/producto\/portlligat-golden-bracelet\/#breadcrumb\"},\"inLanguage\":\"en-US\",\"potentialAction\":[{\"@type\":\"ReadAction\",\"target\":[\"https:\/\/joyerialeon.es\/producto\/portlligat-golden-bracelet\/\"]}]},{\"@type\":\"ImageObject\",\"inLanguage\":\"en-US\",\"@id\":\"https:\/\/joyerialeon.es\/producto\/portlligat-golden-bracelet\/#primaryimage\",\"url\":\"https:\/\/joyerialeon.es\/wp-content\/uploads\/2013\/04\/large.jpg\",\"contentUrl\":\"https:\/\/joyerialeon.es\/wp-content\/uploads\/2013\/04\/large.jpg\",\"width\":1100,\"height\":700},{\"@type\":\"BreadcrumbList\",\"@id\":\"https:\/\/joyerialeon.es\/producto\/portlligat-golden-bracelet\/#breadcrumb\",\"itemListElement\":[{\"@type\":\"ListItem\",\"position\":1,\"name\":\"Portada\",\"item\":\"https:\/\/joyerialeon.es\/\"},{\"@type\":\"ListItem\",\"position\":2,\"name\":\"Collections\",\"item\":\"https:\/\/joyerialeon.es\/collections\/\"},{\"@type\":\"ListItem\",\"position\":3,\"name\":\"Portlligat Golden Bracelet\"}]},{\"@type\":\"WebSite\",\"@id\":\"https:\/\/joyerialeon.es\/#website\",\"url\":\"https:\/\/joyerialeon.es\/\",\"name\":\"Joyer\u00eda Le\u00f3n - Paseo de Almer\u00eda, 20\",\"description\":\"Tu joyer\u00eda en Almer\u00eda desde siempre\",\"publisher\":{\"@id\":\"https:\/\/joyerialeon.es\/#organization\"},\"potentialAction\":[{\"@type\":\"SearchAction\",\"target\":{\"@type\":\"EntryPoint\",\"urlTemplate\":\"https:\/\/joyerialeon.es\/?s={search_term_string}\"},\"query-input\":{\"@type\":\"PropertyValueSpecification\",\"valueRequired\":true,\"valueName\":\"search_term_string\"}}],\"inLanguage\":\"en-US\"},{\"@type\":\"Organization\",\"@id\":\"https:\/\/joyerialeon.es\/#organization\",\"name\":\"Joyer\u00eda Le\u00f3n\",\"url\":\"https:\/\/joyerialeon.es\/\",\"logo\":{\"@type\":\"ImageObject\",\"inLanguage\":\"en-US\",\"@id\":\"https:\/\/joyerialeon.es\/#\/schema\/logo\/image\/\",\"url\":\"https:\/\/joyerialeon.es\/wp-content\/uploads\/2021\/01\/cropped-joyeria-leon-almeria-logo.png\",\"contentUrl\":\"https:\/\/joyerialeon.es\/wp-content\/uploads\/2021\/01\/cropped-joyeria-leon-almeria-logo.png\",\"width\":500,\"height\":104,\"caption\":\"Joyer\u00eda Le\u00f3n\"},\"image\":{\"@id\":\"https:\/\/joyerialeon.es\/#\/schema\/logo\/image\/\"}}]}<\/script>\n<!-- \/ Yoast SEO plugin. -->","yoast_head_json":{"title":"Portlligat Golden Bracelet - Joyer\u00eda Le\u00f3n - Paseo de Almer\u00eda, 20","robots":{"index":"index","follow":"follow","max-snippet":"max-snippet:-1","max-image-preview":"max-image-preview:large","max-video-preview":"max-video-preview:-1"},"canonical":"https:\/\/joyerialeon.es\/en\/product\/portlligat-golden-bracelet\/","og_locale":"en_US","og_type":"article","og_title":"Portlligat Golden Bracelet - Joyer\u00eda Le\u00f3n - Paseo de Almer\u00eda, 20","og_description":"Wrapped around the wearer in a continuous, unbroken circle, this hinged bangle features scintillating diamonds. Olivia Golden Bracelet designs represent individual strength and perpetual power, worn outwardly to express what lies within. Stack this hinged bangle with other bracelets for a bold look, or simply wear it on its own. Product Link","og_url":"https:\/\/joyerialeon.es\/en\/product\/portlligat-golden-bracelet\/","og_site_name":"Joyer\u00eda Le\u00f3n - Paseo de Almer\u00eda, 20","og_image":[{"width":1100,"height":700,"url":"https:\/\/joyerialeon.es\/wp-content\/uploads\/2013\/04\/large.jpg","type":"image\/jpeg"}],"twitter_card":"summary_large_image","schema":{"@context":"https:\/\/schema.org","@graph":[{"@type":"WebPage","@id":"https:\/\/joyerialeon.es\/producto\/portlligat-golden-bracelet\/","url":"https:\/\/joyerialeon.es\/producto\/portlligat-golden-bracelet\/","name":"Portlligat Golden Bracelet - Joyer\u00eda Le\u00f3n - Paseo de Almer\u00eda, 20","isPartOf":{"@id":"https:\/\/joyerialeon.es\/#website"},"primaryImageOfPage":{"@id":"https:\/\/joyerialeon.es\/producto\/portlligat-golden-bracelet\/#primaryimage"},"image":{"@id":"https:\/\/joyerialeon.es\/producto\/portlligat-golden-bracelet\/#primaryimage"},"thumbnailUrl":"https:\/\/joyerialeon.es\/wp-content\/uploads\/2013\/04\/large.jpg","datePublished":"2020-10-21T17:13:58+00:00","breadcrumb":{"@id":"https:\/\/joyerialeon.es\/producto\/portlligat-golden-bracelet\/#breadcrumb"},"inLanguage":"en-US","potentialAction":[{"@type":"ReadAction","target":["https:\/\/joyerialeon.es\/producto\/portlligat-golden-bracelet\/"]}]},{"@type":"ImageObject","inLanguage":"en-US","@id":"https:\/\/joyerialeon.es\/producto\/portlligat-golden-bracelet\/#primaryimage","url":"https:\/\/joyerialeon.es\/wp-content\/uploads\/2013\/04\/large.jpg","contentUrl":"https:\/\/joyerialeon.es\/wp-content\/uploads\/2013\/04\/large.jpg","width":1100,"height":700},{"@type":"BreadcrumbList","@id":"https:\/\/joyerialeon.es\/producto\/portlligat-golden-bracelet\/#breadcrumb","itemListElement":[{"@type":"ListItem","position":1,"name":"Portada","item":"https:\/\/joyerialeon.es\/"},{"@type":"ListItem","position":2,"name":"Collections","item":"https:\/\/joyerialeon.es\/collections\/"},{"@type":"ListItem","position":3,"name":"Portlligat Golden Bracelet"}]},{"@type":"WebSite","@id":"https:\/\/joyerialeon.es\/#website","url":"https:\/\/joyerialeon.es\/","name":"Joyer\u00eda Le\u00f3n - Paseo de Almer\u00eda, 20","description":"Tu joyer\u00eda en Almer\u00eda desde siempre","publisher":{"@id":"https:\/\/joyerialeon.es\/#organization"},"potentialAction":[{"@type":"SearchAction","target":{"@type":"EntryPoint","urlTemplate":"https:\/\/joyerialeon.es\/?s={search_term_string}"},"query-input":{"@type":"PropertyValueSpecification","valueRequired":true,"valueName":"search_term_string"}}],"inLanguage":"en-US"},{"@type":"Organization","@id":"https:\/\/joyerialeon.es\/#organization","name":"Joyer\u00eda Le\u00f3n","url":"https:\/\/joyerialeon.es\/","logo":{"@type":"ImageObject","inLanguage":"en-US","@id":"https:\/\/joyerialeon.es\/#\/schema\/logo\/image\/","url":"https:\/\/joyerialeon.es\/wp-content\/uploads\/2021\/01\/cropped-joyeria-leon-almeria-logo.png","contentUrl":"https:\/\/joyerialeon.es\/wp-content\/uploads\/2021\/01\/cropped-joyeria-leon-almeria-logo.png","width":500,"height":104,"caption":"Joyer\u00eda Le\u00f3n"},"image":{"@id":"https:\/\/joyerialeon.es\/#\/schema\/logo\/image\/"}}]}},"_links":{"self":[{"href":"https:\/\/joyerialeon.es\/en\/wp-json\/wp\/v2\/product\/5075","targetHints":{"allow":["GET"]}}],"collection":[{"href":"https:\/\/joyerialeon.es\/en\/wp-json\/wp\/v2\/product"}],"about":[{"href":"https:\/\/joyerialeon.es\/en\/wp-json\/wp\/v2\/types\/product"}],"replies":[{"embeddable":true,"href":"https:\/\/joyerialeon.es\/en\/wp-json\/wp\/v2\/comments?post=5075"}],"version-history":[{"count":0,"href":"https:\/\/joyerialeon.es\/en\/wp-json\/wp\/v2\/product\/5075\/revisions"}],"wp:featuredmedia":[{"embeddable":true,"href":"https:\/\/joyerialeon.es\/en\/wp-json\/wp\/v2\/media\/987654"}],"wp:attachment":[{"href":"https:\/\/joyerialeon.es\/en\/wp-json\/wp\/v2\/media?parent=5075"}],"wp:term":[{"taxonomy":"product_brand","embeddable":true,"href":"https:\/\/joyerialeon.es\/en\/wp-json\/wp\/v2\/product_brand?post=5075"},{"taxonomy":"product_cat","embeddable":true,"href":"https:\/\/joyerialeon.es\/en\/wp-json\/wp\/v2\/product_cat?post=5075"},{"taxonomy":"product_tag","embeddable":true,"href":"https:\/\/joyerialeon.es\/en\/wp-json\/wp\/v2\/product_tag?post=5075"}],"curies":[{"name":"wp","href":"https:\/\/api.w.org\/{rel}","templated":true}]}}