{"id":5102,"date":"2020-10-21T18:23:05","date_gmt":"2020-10-21T18:23:05","guid":{"rendered":"https:\/\/bijoux.vamtam.com\/?post_type=product&#038;p=5102"},"modified":"2024-01-04T11:49:41","modified_gmt":"2024-01-04T10:49:41","slug":"magnolia-golden-ring","status":"publish","type":"product","link":"https:\/\/joyerialeon.es\/en\/product\/magnolia-golden-ring\/","title":{"rendered":"SHADOW"},"content":{"rendered":"<div data-elementor-type=\"product-post\" data-elementor-id=\"5102\" class=\"elementor elementor-5102\" data-elementor-post-type=\"product\">\n\t\t\t\t\t\t<section class=\"elementor-section elementor-top-section elementor-element elementor-element-6702f1f4 elementor-section-full_width elementor-section-height-default elementor-section-height-default\" data-id=\"6702f1f4\" data-element_type=\"section\" data-e-type=\"section\">\n\t\t\t\t\t\t<div class=\"elementor-container elementor-column-gap-no\">\n\t\t\t\t\t<div class=\"elementor-column elementor-col-100 elementor-top-column elementor-element elementor-element-3823453\" data-id=\"3823453\" data-element_type=\"column\" data-e-type=\"column\">\n\t\t\t<div class=\"elementor-widget-wrap elementor-element-populated\">\n\t\t\t\t\t\t<div class=\"elementor-element elementor-element-4539fca7 elementor-widget elementor-widget-text-editor\" data-id=\"4539fca7\" data-element_type=\"widget\" data-e-type=\"widget\" data-widget_type=\"text-editor.default\">\n\t\t\t\t<div class=\"elementor-widget-container\">\n\t\t\t\t\t\t\t\t\t<p>Yellow Gold (20 kt)<br \/>Alpa System <br \/>Width: 1.2 cm<\/p>\t\t\t\t\t\t\t\t<\/div>\n\t\t\t\t<\/div>\n\t\t\t\t\t<\/div>\n\t\t<\/div>\n\t\t\t\t\t<\/div>\n\t\t<\/section>\n\t\t\t\t<\/div>","protected":false},"excerpt":{"rendered":"<p>Streamlined and modern, the Atlas collection shines with graphic sophistication and bold simplicity. A Roman numeral motif with diamonds adds a modern touch to this classic style. <a href=\"https:\/\/www.joidart.com\/en\/magnolia-golden-ring\/\">Product Link<\/a><\/p>","protected":false},"featured_media":987850,"comment_status":"open","ping_status":"closed","template":"","meta":[],"product_brand":[],"product_cat":[40],"product_tag":[31,39],"class_list":{"0":"post-5102","1":"product","2":"type-product","3":"status-publish","4":"has-post-thumbnail","6":"product_cat-rings","7":"product_tag-golden","8":"product_tag-ring","10":"first","11":"outofstock","12":"shipping-taxable","13":"purchasable","14":"product-type-variable"},"yoast_head":"<!-- This site is optimized with the Yoast SEO plugin v27.2 - https:\/\/yoast.com\/product\/yoast-seo-wordpress\/ -->\n<title>SHADOW - Joyer\u00eda Le\u00f3n - Paseo de Almer\u00eda, 20<\/title>\n<meta name=\"robots\" content=\"index, follow, max-snippet:-1, max-image-preview:large, max-video-preview:-1\" \/>\n<link rel=\"canonical\" href=\"https:\/\/joyerialeon.es\/en\/product\/magnolia-golden-ring\/\" \/>\n<meta property=\"og:locale\" content=\"en_US\" \/>\n<meta property=\"og:type\" content=\"article\" \/>\n<meta property=\"og:title\" content=\"SHADOW - Joyer\u00eda Le\u00f3n - Paseo de Almer\u00eda, 20\" \/>\n<meta property=\"og:description\" content=\"Streamlined and modern, the Atlas collection shines with graphic sophistication and bold simplicity. A Roman numeral motif with diamonds adds a modern touch to this classic style. Product Link\" \/>\n<meta property=\"og:url\" content=\"https:\/\/joyerialeon.es\/en\/product\/magnolia-golden-ring\/\" \/>\n<meta property=\"og:site_name\" content=\"Joyer\u00eda Le\u00f3n - Paseo de Almer\u00eda, 20\" \/>\n<meta property=\"article:modified_time\" content=\"2024-01-04T10:49:41+00:00\" \/>\n<meta property=\"og:image\" content=\"https:\/\/joyerialeon.es\/wp-content\/uploads\/2020\/10\/UTBJSH_Front_2_1200x.webp\" \/>\n\t<meta property=\"og:image:width\" content=\"1200\" \/>\n\t<meta property=\"og:image:height\" content=\"1200\" \/>\n\t<meta property=\"og:image:type\" content=\"image\/webp\" \/>\n<meta name=\"twitter:card\" content=\"summary_large_image\" \/>\n<meta name=\"twitter:label1\" content=\"Est. reading time\" \/>\n\t<meta name=\"twitter:data1\" content=\"1 minute\" \/>\n<script type=\"application\/ld+json\" class=\"yoast-schema-graph\">{\"@context\":\"https:\/\/schema.org\",\"@graph\":[{\"@type\":\"WebPage\",\"@id\":\"https:\/\/joyerialeon.es\/producto\/magnolia-golden-ring\/\",\"url\":\"https:\/\/joyerialeon.es\/producto\/magnolia-golden-ring\/\",\"name\":\"SHADOW - Joyer\u00eda Le\u00f3n - Paseo de Almer\u00eda, 20\",\"isPartOf\":{\"@id\":\"https:\/\/joyerialeon.es\/#website\"},\"primaryImageOfPage\":{\"@id\":\"https:\/\/joyerialeon.es\/producto\/magnolia-golden-ring\/#primaryimage\"},\"image\":{\"@id\":\"https:\/\/joyerialeon.es\/producto\/magnolia-golden-ring\/#primaryimage\"},\"thumbnailUrl\":\"https:\/\/joyerialeon.es\/wp-content\/uploads\/2020\/10\/UTBJSH_Front_2_1200x.webp\",\"datePublished\":\"2020-10-21T18:23:05+00:00\",\"dateModified\":\"2024-01-04T10:49:41+00:00\",\"breadcrumb\":{\"@id\":\"https:\/\/joyerialeon.es\/producto\/magnolia-golden-ring\/#breadcrumb\"},\"inLanguage\":\"en-US\",\"potentialAction\":[{\"@type\":\"ReadAction\",\"target\":[\"https:\/\/joyerialeon.es\/producto\/magnolia-golden-ring\/\"]}]},{\"@type\":\"ImageObject\",\"inLanguage\":\"en-US\",\"@id\":\"https:\/\/joyerialeon.es\/producto\/magnolia-golden-ring\/#primaryimage\",\"url\":\"https:\/\/joyerialeon.es\/wp-content\/uploads\/2020\/10\/UTBJSH_Front_2_1200x.webp\",\"contentUrl\":\"https:\/\/joyerialeon.es\/wp-content\/uploads\/2020\/10\/UTBJSH_Front_2_1200x.webp\",\"width\":1200,\"height\":1200},{\"@type\":\"BreadcrumbList\",\"@id\":\"https:\/\/joyerialeon.es\/producto\/magnolia-golden-ring\/#breadcrumb\",\"itemListElement\":[{\"@type\":\"ListItem\",\"position\":1,\"name\":\"Portada\",\"item\":\"https:\/\/joyerialeon.es\/\"},{\"@type\":\"ListItem\",\"position\":2,\"name\":\"Collections\",\"item\":\"https:\/\/joyerialeon.es\/collections\/\"},{\"@type\":\"ListItem\",\"position\":3,\"name\":\"SHADOW\"}]},{\"@type\":\"WebSite\",\"@id\":\"https:\/\/joyerialeon.es\/#website\",\"url\":\"https:\/\/joyerialeon.es\/\",\"name\":\"Joyer\u00eda Le\u00f3n - Paseo de Almer\u00eda, 20\",\"description\":\"Tu joyer\u00eda en Almer\u00eda desde siempre\",\"publisher\":{\"@id\":\"https:\/\/joyerialeon.es\/#organization\"},\"potentialAction\":[{\"@type\":\"SearchAction\",\"target\":{\"@type\":\"EntryPoint\",\"urlTemplate\":\"https:\/\/joyerialeon.es\/?s={search_term_string}\"},\"query-input\":{\"@type\":\"PropertyValueSpecification\",\"valueRequired\":true,\"valueName\":\"search_term_string\"}}],\"inLanguage\":\"en-US\"},{\"@type\":\"Organization\",\"@id\":\"https:\/\/joyerialeon.es\/#organization\",\"name\":\"Joyer\u00eda Le\u00f3n\",\"url\":\"https:\/\/joyerialeon.es\/\",\"logo\":{\"@type\":\"ImageObject\",\"inLanguage\":\"en-US\",\"@id\":\"https:\/\/joyerialeon.es\/#\/schema\/logo\/image\/\",\"url\":\"https:\/\/joyerialeon.es\/wp-content\/uploads\/2021\/01\/cropped-joyeria-leon-almeria-logo.png\",\"contentUrl\":\"https:\/\/joyerialeon.es\/wp-content\/uploads\/2021\/01\/cropped-joyeria-leon-almeria-logo.png\",\"width\":500,\"height\":104,\"caption\":\"Joyer\u00eda Le\u00f3n\"},\"image\":{\"@id\":\"https:\/\/joyerialeon.es\/#\/schema\/logo\/image\/\"}}]}<\/script>\n<!-- \/ Yoast SEO plugin. -->","yoast_head_json":{"title":"SHADOW - Joyer\u00eda Le\u00f3n - Paseo de Almer\u00eda, 20","robots":{"index":"index","follow":"follow","max-snippet":"max-snippet:-1","max-image-preview":"max-image-preview:large","max-video-preview":"max-video-preview:-1"},"canonical":"https:\/\/joyerialeon.es\/en\/product\/magnolia-golden-ring\/","og_locale":"en_US","og_type":"article","og_title":"SHADOW - Joyer\u00eda Le\u00f3n - Paseo de Almer\u00eda, 20","og_description":"Streamlined and modern, the Atlas collection shines with graphic sophistication and bold simplicity. A Roman numeral motif with diamonds adds a modern touch to this classic style. Product Link","og_url":"https:\/\/joyerialeon.es\/en\/product\/magnolia-golden-ring\/","og_site_name":"Joyer\u00eda Le\u00f3n - Paseo de Almer\u00eda, 20","article_modified_time":"2024-01-04T10:49:41+00:00","og_image":[{"width":1200,"height":1200,"url":"https:\/\/joyerialeon.es\/wp-content\/uploads\/2020\/10\/UTBJSH_Front_2_1200x.webp","type":"image\/webp"}],"twitter_card":"summary_large_image","twitter_misc":{"Est. reading time":"1 minute"},"schema":{"@context":"https:\/\/schema.org","@graph":[{"@type":"WebPage","@id":"https:\/\/joyerialeon.es\/producto\/magnolia-golden-ring\/","url":"https:\/\/joyerialeon.es\/producto\/magnolia-golden-ring\/","name":"SHADOW - Joyer\u00eda Le\u00f3n - Paseo de Almer\u00eda, 20","isPartOf":{"@id":"https:\/\/joyerialeon.es\/#website"},"primaryImageOfPage":{"@id":"https:\/\/joyerialeon.es\/producto\/magnolia-golden-ring\/#primaryimage"},"image":{"@id":"https:\/\/joyerialeon.es\/producto\/magnolia-golden-ring\/#primaryimage"},"thumbnailUrl":"https:\/\/joyerialeon.es\/wp-content\/uploads\/2020\/10\/UTBJSH_Front_2_1200x.webp","datePublished":"2020-10-21T18:23:05+00:00","dateModified":"2024-01-04T10:49:41+00:00","breadcrumb":{"@id":"https:\/\/joyerialeon.es\/producto\/magnolia-golden-ring\/#breadcrumb"},"inLanguage":"en-US","potentialAction":[{"@type":"ReadAction","target":["https:\/\/joyerialeon.es\/producto\/magnolia-golden-ring\/"]}]},{"@type":"ImageObject","inLanguage":"en-US","@id":"https:\/\/joyerialeon.es\/producto\/magnolia-golden-ring\/#primaryimage","url":"https:\/\/joyerialeon.es\/wp-content\/uploads\/2020\/10\/UTBJSH_Front_2_1200x.webp","contentUrl":"https:\/\/joyerialeon.es\/wp-content\/uploads\/2020\/10\/UTBJSH_Front_2_1200x.webp","width":1200,"height":1200},{"@type":"BreadcrumbList","@id":"https:\/\/joyerialeon.es\/producto\/magnolia-golden-ring\/#breadcrumb","itemListElement":[{"@type":"ListItem","position":1,"name":"Portada","item":"https:\/\/joyerialeon.es\/"},{"@type":"ListItem","position":2,"name":"Collections","item":"https:\/\/joyerialeon.es\/collections\/"},{"@type":"ListItem","position":3,"name":"SHADOW"}]},{"@type":"WebSite","@id":"https:\/\/joyerialeon.es\/#website","url":"https:\/\/joyerialeon.es\/","name":"Joyer\u00eda Le\u00f3n - Paseo de Almer\u00eda, 20","description":"Tu joyer\u00eda en Almer\u00eda desde siempre","publisher":{"@id":"https:\/\/joyerialeon.es\/#organization"},"potentialAction":[{"@type":"SearchAction","target":{"@type":"EntryPoint","urlTemplate":"https:\/\/joyerialeon.es\/?s={search_term_string}"},"query-input":{"@type":"PropertyValueSpecification","valueRequired":true,"valueName":"search_term_string"}}],"inLanguage":"en-US"},{"@type":"Organization","@id":"https:\/\/joyerialeon.es\/#organization","name":"Joyer\u00eda Le\u00f3n","url":"https:\/\/joyerialeon.es\/","logo":{"@type":"ImageObject","inLanguage":"en-US","@id":"https:\/\/joyerialeon.es\/#\/schema\/logo\/image\/","url":"https:\/\/joyerialeon.es\/wp-content\/uploads\/2021\/01\/cropped-joyeria-leon-almeria-logo.png","contentUrl":"https:\/\/joyerialeon.es\/wp-content\/uploads\/2021\/01\/cropped-joyeria-leon-almeria-logo.png","width":500,"height":104,"caption":"Joyer\u00eda Le\u00f3n"},"image":{"@id":"https:\/\/joyerialeon.es\/#\/schema\/logo\/image\/"}}]}},"_links":{"self":[{"href":"https:\/\/joyerialeon.es\/en\/wp-json\/wp\/v2\/product\/5102","targetHints":{"allow":["GET"]}}],"collection":[{"href":"https:\/\/joyerialeon.es\/en\/wp-json\/wp\/v2\/product"}],"about":[{"href":"https:\/\/joyerialeon.es\/en\/wp-json\/wp\/v2\/types\/product"}],"replies":[{"embeddable":true,"href":"https:\/\/joyerialeon.es\/en\/wp-json\/wp\/v2\/comments?post=5102"}],"version-history":[{"count":1,"href":"https:\/\/joyerialeon.es\/en\/wp-json\/wp\/v2\/product\/5102\/revisions"}],"predecessor-version":[{"id":987851,"href":"https:\/\/joyerialeon.es\/en\/wp-json\/wp\/v2\/product\/5102\/revisions\/987851"}],"wp:featuredmedia":[{"embeddable":true,"href":"https:\/\/joyerialeon.es\/en\/wp-json\/wp\/v2\/media\/987850"}],"wp:attachment":[{"href":"https:\/\/joyerialeon.es\/en\/wp-json\/wp\/v2\/media?parent=5102"}],"wp:term":[{"taxonomy":"product_brand","embeddable":true,"href":"https:\/\/joyerialeon.es\/en\/wp-json\/wp\/v2\/product_brand?post=5102"},{"taxonomy":"product_cat","embeddable":true,"href":"https:\/\/joyerialeon.es\/en\/wp-json\/wp\/v2\/product_cat?post=5102"},{"taxonomy":"product_tag","embeddable":true,"href":"https:\/\/joyerialeon.es\/en\/wp-json\/wp\/v2\/product_tag?post=5102"}],"curies":[{"name":"wp","href":"https:\/\/api.w.org\/{rel}","templated":true}]}}