{"id":5230,"date":"2020-10-24T21:22:39","date_gmt":"2020-10-24T21:22:39","guid":{"rendered":"https:\/\/bijoux.vamtam.com\/?post_type=product&#038;p=5230"},"modified":"2024-01-04T11:34:45","modified_gmt":"2024-01-04T10:34:45","slug":"pulsera-de-tenis","status":"publish","type":"product","link":"https:\/\/joyerialeon.es\/en\/product\/pulsera-de-tenis\/","title":{"rendered":"Pulsera de tenis"},"content":{"rendered":"<div class=\"vgblk-rw-wrapper limit-wrapper\">Yellow Gold (20 kt)<br \/>\nAlpa System<br \/>\nLength: ~2.4 cm\/0.8 inches<\/div>\n<p><!-- .vgblk-rw-wrapper --><\/p>","protected":false},"excerpt":{"rendered":"<p>Rhodium-plated matte silver: rhodium-plated surface. The rhodium is applied using an electroplating process to prevent the piece from rusting. Avoid scrapes and scratches, as the plating is applied only to the surface of the piece. Clean with water, pH-neutral soap and a small brush. 24 K gold-plated matte metal: 24 K gold-plated surface.<br \/>\n<a href=\"https:\/\/www.joidart.com\/en\/exuberant-golden-necklace\/\">Product Link<\/a><\/p>","protected":false},"featured_media":987836,"comment_status":"open","ping_status":"closed","template":"","meta":[],"product_brand":[],"product_cat":[33],"product_tag":[31,34],"class_list":{"0":"post-5230","1":"product","2":"type-product","3":"status-publish","4":"has-post-thumbnail","6":"product_cat-necklaces","7":"product_tag-golden","8":"product_tag-necklaces","10":"first","11":"instock","12":"shipping-taxable","13":"purchasable","14":"product-type-simple"},"yoast_head":"<!-- This site is optimized with the Yoast SEO plugin v27.2 - https:\/\/yoast.com\/product\/yoast-seo-wordpress\/ -->\n<title>Pulsera de tenis - Joyer\u00eda Le\u00f3n - Paseo de Almer\u00eda, 20<\/title>\n<meta name=\"robots\" content=\"index, follow, max-snippet:-1, max-image-preview:large, max-video-preview:-1\" \/>\n<link rel=\"canonical\" href=\"https:\/\/joyerialeon.es\/en\/product\/pulsera-de-tenis\/\" \/>\n<meta property=\"og:locale\" content=\"en_US\" \/>\n<meta property=\"og:type\" content=\"article\" \/>\n<meta property=\"og:title\" content=\"Pulsera de tenis - Joyer\u00eda Le\u00f3n - Paseo de Almer\u00eda, 20\" \/>\n<meta property=\"og:description\" content=\"Rhodium-plated matte silver: rhodium-plated surface. The rhodium is applied using an electroplating process to prevent the piece from rusting. Avoid scrapes and scratches, as the plating is applied only to the surface of the piece. Clean with water, pH-neutral soap and a small brush. 24 K gold-plated matte metal: 24 K gold-plated surface. Product Link\" \/>\n<meta property=\"og:url\" content=\"https:\/\/joyerialeon.es\/en\/product\/pulsera-de-tenis\/\" \/>\n<meta property=\"og:site_name\" content=\"Joyer\u00eda Le\u00f3n - Paseo de Almer\u00eda, 20\" \/>\n<meta property=\"article:modified_time\" content=\"2024-01-04T10:34:45+00:00\" \/>\n<meta property=\"og:image\" content=\"https:\/\/joyerialeon.es\/wp-content\/uploads\/2020\/10\/3685_L.jpg\" \/>\n\t<meta property=\"og:image:width\" content=\"2000\" \/>\n\t<meta property=\"og:image:height\" content=\"2000\" \/>\n\t<meta property=\"og:image:type\" content=\"image\/jpeg\" \/>\n<meta name=\"twitter:card\" content=\"summary_large_image\" \/>\n<meta name=\"twitter:label1\" content=\"Est. reading time\" \/>\n\t<meta name=\"twitter:data1\" content=\"1 minute\" \/>\n<script type=\"application\/ld+json\" class=\"yoast-schema-graph\">{\"@context\":\"https:\/\/schema.org\",\"@graph\":[{\"@type\":\"WebPage\",\"@id\":\"https:\/\/joyerialeon.es\/producto\/pulsera-de-tenis\/\",\"url\":\"https:\/\/joyerialeon.es\/producto\/pulsera-de-tenis\/\",\"name\":\"Pulsera de tenis - Joyer\u00eda Le\u00f3n - Paseo de Almer\u00eda, 20\",\"isPartOf\":{\"@id\":\"https:\/\/joyerialeon.es\/#website\"},\"primaryImageOfPage\":{\"@id\":\"https:\/\/joyerialeon.es\/producto\/pulsera-de-tenis\/#primaryimage\"},\"image\":{\"@id\":\"https:\/\/joyerialeon.es\/producto\/pulsera-de-tenis\/#primaryimage\"},\"thumbnailUrl\":\"https:\/\/joyerialeon.es\/wp-content\/uploads\/2020\/10\/3685_L.jpg\",\"datePublished\":\"2020-10-24T21:22:39+00:00\",\"dateModified\":\"2024-01-04T10:34:45+00:00\",\"breadcrumb\":{\"@id\":\"https:\/\/joyerialeon.es\/producto\/pulsera-de-tenis\/#breadcrumb\"},\"inLanguage\":\"en-US\",\"potentialAction\":[{\"@type\":\"ReadAction\",\"target\":[\"https:\/\/joyerialeon.es\/producto\/pulsera-de-tenis\/\"]}]},{\"@type\":\"ImageObject\",\"inLanguage\":\"en-US\",\"@id\":\"https:\/\/joyerialeon.es\/producto\/pulsera-de-tenis\/#primaryimage\",\"url\":\"https:\/\/joyerialeon.es\/wp-content\/uploads\/2020\/10\/3685_L.jpg\",\"contentUrl\":\"https:\/\/joyerialeon.es\/wp-content\/uploads\/2020\/10\/3685_L.jpg\",\"width\":2000,\"height\":2000},{\"@type\":\"BreadcrumbList\",\"@id\":\"https:\/\/joyerialeon.es\/producto\/pulsera-de-tenis\/#breadcrumb\",\"itemListElement\":[{\"@type\":\"ListItem\",\"position\":1,\"name\":\"Portada\",\"item\":\"https:\/\/joyerialeon.es\/\"},{\"@type\":\"ListItem\",\"position\":2,\"name\":\"Collections\",\"item\":\"https:\/\/joyerialeon.es\/collections\/\"},{\"@type\":\"ListItem\",\"position\":3,\"name\":\"Pulsera de tenis\"}]},{\"@type\":\"WebSite\",\"@id\":\"https:\/\/joyerialeon.es\/#website\",\"url\":\"https:\/\/joyerialeon.es\/\",\"name\":\"Joyer\u00eda Le\u00f3n - Paseo de Almer\u00eda, 20\",\"description\":\"Tu joyer\u00eda en Almer\u00eda desde siempre\",\"publisher\":{\"@id\":\"https:\/\/joyerialeon.es\/#organization\"},\"potentialAction\":[{\"@type\":\"SearchAction\",\"target\":{\"@type\":\"EntryPoint\",\"urlTemplate\":\"https:\/\/joyerialeon.es\/?s={search_term_string}\"},\"query-input\":{\"@type\":\"PropertyValueSpecification\",\"valueRequired\":true,\"valueName\":\"search_term_string\"}}],\"inLanguage\":\"en-US\"},{\"@type\":\"Organization\",\"@id\":\"https:\/\/joyerialeon.es\/#organization\",\"name\":\"Joyer\u00eda Le\u00f3n\",\"url\":\"https:\/\/joyerialeon.es\/\",\"logo\":{\"@type\":\"ImageObject\",\"inLanguage\":\"en-US\",\"@id\":\"https:\/\/joyerialeon.es\/#\/schema\/logo\/image\/\",\"url\":\"https:\/\/joyerialeon.es\/wp-content\/uploads\/2021\/01\/cropped-joyeria-leon-almeria-logo.png\",\"contentUrl\":\"https:\/\/joyerialeon.es\/wp-content\/uploads\/2021\/01\/cropped-joyeria-leon-almeria-logo.png\",\"width\":500,\"height\":104,\"caption\":\"Joyer\u00eda Le\u00f3n\"},\"image\":{\"@id\":\"https:\/\/joyerialeon.es\/#\/schema\/logo\/image\/\"}}]}<\/script>\n<!-- \/ Yoast SEO plugin. -->","yoast_head_json":{"title":"Pulsera de tenis - Joyer\u00eda Le\u00f3n - Paseo de Almer\u00eda, 20","robots":{"index":"index","follow":"follow","max-snippet":"max-snippet:-1","max-image-preview":"max-image-preview:large","max-video-preview":"max-video-preview:-1"},"canonical":"https:\/\/joyerialeon.es\/en\/product\/pulsera-de-tenis\/","og_locale":"en_US","og_type":"article","og_title":"Pulsera de tenis - Joyer\u00eda Le\u00f3n - Paseo de Almer\u00eda, 20","og_description":"Rhodium-plated matte silver: rhodium-plated surface. The rhodium is applied using an electroplating process to prevent the piece from rusting. Avoid scrapes and scratches, as the plating is applied only to the surface of the piece. Clean with water, pH-neutral soap and a small brush. 24 K gold-plated matte metal: 24 K gold-plated surface. Product Link","og_url":"https:\/\/joyerialeon.es\/en\/product\/pulsera-de-tenis\/","og_site_name":"Joyer\u00eda Le\u00f3n - Paseo de Almer\u00eda, 20","article_modified_time":"2024-01-04T10:34:45+00:00","og_image":[{"width":2000,"height":2000,"url":"https:\/\/joyerialeon.es\/wp-content\/uploads\/2020\/10\/3685_L.jpg","type":"image\/jpeg"}],"twitter_card":"summary_large_image","twitter_misc":{"Est. reading time":"1 minute"},"schema":{"@context":"https:\/\/schema.org","@graph":[{"@type":"WebPage","@id":"https:\/\/joyerialeon.es\/producto\/pulsera-de-tenis\/","url":"https:\/\/joyerialeon.es\/producto\/pulsera-de-tenis\/","name":"Pulsera de tenis - Joyer\u00eda Le\u00f3n - Paseo de Almer\u00eda, 20","isPartOf":{"@id":"https:\/\/joyerialeon.es\/#website"},"primaryImageOfPage":{"@id":"https:\/\/joyerialeon.es\/producto\/pulsera-de-tenis\/#primaryimage"},"image":{"@id":"https:\/\/joyerialeon.es\/producto\/pulsera-de-tenis\/#primaryimage"},"thumbnailUrl":"https:\/\/joyerialeon.es\/wp-content\/uploads\/2020\/10\/3685_L.jpg","datePublished":"2020-10-24T21:22:39+00:00","dateModified":"2024-01-04T10:34:45+00:00","breadcrumb":{"@id":"https:\/\/joyerialeon.es\/producto\/pulsera-de-tenis\/#breadcrumb"},"inLanguage":"en-US","potentialAction":[{"@type":"ReadAction","target":["https:\/\/joyerialeon.es\/producto\/pulsera-de-tenis\/"]}]},{"@type":"ImageObject","inLanguage":"en-US","@id":"https:\/\/joyerialeon.es\/producto\/pulsera-de-tenis\/#primaryimage","url":"https:\/\/joyerialeon.es\/wp-content\/uploads\/2020\/10\/3685_L.jpg","contentUrl":"https:\/\/joyerialeon.es\/wp-content\/uploads\/2020\/10\/3685_L.jpg","width":2000,"height":2000},{"@type":"BreadcrumbList","@id":"https:\/\/joyerialeon.es\/producto\/pulsera-de-tenis\/#breadcrumb","itemListElement":[{"@type":"ListItem","position":1,"name":"Portada","item":"https:\/\/joyerialeon.es\/"},{"@type":"ListItem","position":2,"name":"Collections","item":"https:\/\/joyerialeon.es\/collections\/"},{"@type":"ListItem","position":3,"name":"Pulsera de tenis"}]},{"@type":"WebSite","@id":"https:\/\/joyerialeon.es\/#website","url":"https:\/\/joyerialeon.es\/","name":"Joyer\u00eda Le\u00f3n - Paseo de Almer\u00eda, 20","description":"Tu joyer\u00eda en Almer\u00eda desde siempre","publisher":{"@id":"https:\/\/joyerialeon.es\/#organization"},"potentialAction":[{"@type":"SearchAction","target":{"@type":"EntryPoint","urlTemplate":"https:\/\/joyerialeon.es\/?s={search_term_string}"},"query-input":{"@type":"PropertyValueSpecification","valueRequired":true,"valueName":"search_term_string"}}],"inLanguage":"en-US"},{"@type":"Organization","@id":"https:\/\/joyerialeon.es\/#organization","name":"Joyer\u00eda Le\u00f3n","url":"https:\/\/joyerialeon.es\/","logo":{"@type":"ImageObject","inLanguage":"en-US","@id":"https:\/\/joyerialeon.es\/#\/schema\/logo\/image\/","url":"https:\/\/joyerialeon.es\/wp-content\/uploads\/2021\/01\/cropped-joyeria-leon-almeria-logo.png","contentUrl":"https:\/\/joyerialeon.es\/wp-content\/uploads\/2021\/01\/cropped-joyeria-leon-almeria-logo.png","width":500,"height":104,"caption":"Joyer\u00eda Le\u00f3n"},"image":{"@id":"https:\/\/joyerialeon.es\/#\/schema\/logo\/image\/"}}]}},"_links":{"self":[{"href":"https:\/\/joyerialeon.es\/en\/wp-json\/wp\/v2\/product\/5230","targetHints":{"allow":["GET"]}}],"collection":[{"href":"https:\/\/joyerialeon.es\/en\/wp-json\/wp\/v2\/product"}],"about":[{"href":"https:\/\/joyerialeon.es\/en\/wp-json\/wp\/v2\/types\/product"}],"replies":[{"embeddable":true,"href":"https:\/\/joyerialeon.es\/en\/wp-json\/wp\/v2\/comments?post=5230"}],"version-history":[{"count":1,"href":"https:\/\/joyerialeon.es\/en\/wp-json\/wp\/v2\/product\/5230\/revisions"}],"predecessor-version":[{"id":987837,"href":"https:\/\/joyerialeon.es\/en\/wp-json\/wp\/v2\/product\/5230\/revisions\/987837"}],"wp:featuredmedia":[{"embeddable":true,"href":"https:\/\/joyerialeon.es\/en\/wp-json\/wp\/v2\/media\/987836"}],"wp:attachment":[{"href":"https:\/\/joyerialeon.es\/en\/wp-json\/wp\/v2\/media?parent=5230"}],"wp:term":[{"taxonomy":"product_brand","embeddable":true,"href":"https:\/\/joyerialeon.es\/en\/wp-json\/wp\/v2\/product_brand?post=5230"},{"taxonomy":"product_cat","embeddable":true,"href":"https:\/\/joyerialeon.es\/en\/wp-json\/wp\/v2\/product_cat?post=5230"},{"taxonomy":"product_tag","embeddable":true,"href":"https:\/\/joyerialeon.es\/en\/wp-json\/wp\/v2\/product_tag?post=5230"}],"curies":[{"name":"wp","href":"https:\/\/api.w.org\/{rel}","templated":true}]}}